{"id":31,"date":"2020-04-13T11:18:52","date_gmt":"2020-04-13T11:18:52","guid":{"rendered":"https:\/\/sciences-in-frankfurt.de\/about\/"},"modified":"2023-11-19T13:49:36","modified_gmt":"2023-11-19T12:49:36","slug":"ueber-uns","status":"publish","type":"page","link":"https:\/\/sciences-in-frankfurt.de\/en\/ueber-uns\/","title":{"rendered":"About"},"content":{"rendered":"<div data-elementor-type=\"wp-page\" data-elementor-id=\"31\" class=\"elementor elementor-31\">\n\t\t\t\t<div class=\"elementor-element elementor-element-9010cd0 e-flex e-con-boxed e-con e-parent\" data-id=\"9010cd0\" data-element_type=\"container\" data-settings=\"{&quot;background_background&quot;:&quot;classic&quot;}\">\n\t\t\t\t\t<div class=\"e-con-inner\">\n\t\t<div class=\"elementor-element elementor-element-5a69cc7 e-con-full e-flex e-con e-child\" data-id=\"5a69cc7\" data-element_type=\"container\">\n\t\t\t\t<div class=\"elementor-element elementor-element-f184ec7 elementor-widget elementor-widget-heading\" data-id=\"f184ec7\" data-element_type=\"widget\" data-widget_type=\"heading.default\">\n\t\t\t\t<div class=\"elementor-widget-container\">\n\t\t\t\t\t<h1 class=\"elementor-heading-title elementor-size-default\">About<\/h1>\t\t\t\t<\/div>\n\t\t\t\t<\/div>\n\t\t\t\t<\/div>\n\t\t\t\t\t<\/div>\n\t\t\t\t<\/div>\n\t\t<div class=\"elementor-element elementor-element-a529ccb e-flex e-con-boxed e-con e-parent\" data-id=\"a529ccb\" data-element_type=\"container\">\n\t\t\t\t\t<div class=\"e-con-inner\">\n\t\t<div class=\"elementor-element elementor-element-83324c1 e-con-full e-flex e-con e-child\" data-id=\"83324c1\" data-element_type=\"container\">\n\t\t\t\t<div class=\"elementor-element elementor-element-45f990c elementor-widget elementor-widget-heading\" data-id=\"45f990c\" data-element_type=\"widget\" data-widget_type=\"heading.default\">\n\t\t\t\t<div class=\"elementor-widget-container\">\n\t\t\t\t\t<h2 class=\"elementor-heading-title elementor-size-default\">High-quality tutoring since\n2010<\/h2>\t\t\t\t<\/div>\n\t\t\t\t<\/div>\n\t\t\t\t<div class=\"elementor-element elementor-element-9e120d7 elementor-widget elementor-widget-text-editor\" data-id=\"9e120d7\" data-element_type=\"widget\" data-widget_type=\"text-editor.default\">\n\t\t\t\t<div class=\"elementor-widget-container\">\n\t\t\t\t\t\t\t\t\t<p>Sciences Frankfurt only employs academics and students in higher semesters of natural sciences who have years of experience in teaching, training and scientifically accompanying pupils and students and therefore provide professional tutoring.<\/p><p>This experience is incorporated in the form of individual lessons and adapted to the needs of the respective student.<\/p><p>Our aim is to support you and your children in the medium and long term, so that not only school and exam grades are improved, but also the foundations of the natural sciences are properly laid. From our experience, we believe that this is the only way to achieve long-term success, both for the Abitur and for university.<\/p>\t\t\t\t\t\t\t\t<\/div>\n\t\t\t\t<\/div>\n\t\t\t\t<div class=\"elementor-element elementor-element-10e09e0 elementor-widget elementor-widget-heading\" data-id=\"10e09e0\" data-element_type=\"widget\" data-widget_type=\"heading.default\">\n\t\t\t\t<div class=\"elementor-widget-container\">\n\t\t\t\t\t<h3 class=\"elementor-heading-title elementor-size-default\">\nThe Sciences in Frankfurt team\n<\/h3>\t\t\t\t<\/div>\n\t\t\t\t<\/div>\n\t\t\t\t<\/div>\n\t\t<div class=\"elementor-element elementor-element-c4f6020 e-con-full e-flex e-con e-child\" data-id=\"c4f6020\" data-element_type=\"container\">\n\t\t\t\t<div class=\"elementor-element elementor-element-8d8260d elementor-widget elementor-widget-image\" data-id=\"8d8260d\" data-element_type=\"widget\" data-widget_type=\"image.default\">\n\t\t\t\t<div class=\"elementor-widget-container\">\n\t\t\t\t\t\t\t\t\t\t\t\t\t\t\t<img fetchpriority=\"high\" decoding=\"async\" width=\"1024\" height=\"677\" src=\"https:\/\/sciences-in-frankfurt.de\/wp-content\/uploads\/2023\/11\/team-4864038_1280-1024x677.jpg\" class=\"attachment-large size-large wp-image-1118\" alt=\"Nachhilfe f\u00fcr Studenten und Sch\u00fcler\" srcset=\"https:\/\/sciences-in-frankfurt.de\/wp-content\/uploads\/2023\/11\/team-4864038_1280-1024x677.jpg 1024w, https:\/\/sciences-in-frankfurt.de\/wp-content\/uploads\/2023\/11\/team-4864038_1280-300x198.jpg 300w, https:\/\/sciences-in-frankfurt.de\/wp-content\/uploads\/2023\/11\/team-4864038_1280-768x508.jpg 768w, https:\/\/sciences-in-frankfurt.de\/wp-content\/uploads\/2023\/11\/team-4864038_1280-18x12.jpg 18w, https:\/\/sciences-in-frankfurt.de\/wp-content\/uploads\/2023\/11\/team-4864038_1280.jpg 1280w\" sizes=\"(max-width: 1024px) 100vw, 1024px\" \/>\t\t\t\t\t\t\t\t\t\t\t\t\t\t\t<\/div>\n\t\t\t\t<\/div>\n\t\t\t\t<\/div>\n\t\t\t\t\t<\/div>\n\t\t\t\t<\/div>\n\t\t<div class=\"elementor-element elementor-element-b8ecf27 e-flex e-con-boxed e-con e-parent\" data-id=\"b8ecf27\" data-element_type=\"container\" data-settings=\"{&quot;background_background&quot;:&quot;classic&quot;}\">\n\t\t\t\t\t<div class=\"e-con-inner\">\n\t\t<div class=\"elementor-element elementor-element-a77a16d e-con-full e-flex e-con e-child\" data-id=\"a77a16d\" data-element_type=\"container\">\n\t\t\t\t<div class=\"elementor-element elementor-element-a068337 elementor-widget elementor-widget-image-box\" data-id=\"a068337\" data-element_type=\"widget\" data-widget_type=\"image-box.default\">\n\t\t\t\t<div class=\"elementor-widget-container\">\n\t\t\t\t\t<div class=\"elementor-image-box-wrapper\"><div class=\"elementor-image-box-content\"><h2 class=\"elementor-image-box-title\">Mission<\/h2><p class=\"elementor-image-box-description\">Our service is to provide you or your children with professional support, to motivate them, to make learning science fun and to help them achieve better grades\/successful qualifications as quickly as possible.<\/p><\/div><\/div>\t\t\t\t<\/div>\n\t\t\t\t<\/div>\n\t\t\t\t<\/div>\n\t\t<div class=\"elementor-element elementor-element-3aa5dc7 e-con-full e-flex e-con e-child\" data-id=\"3aa5dc7\" data-element_type=\"container\">\n\t\t\t\t<div class=\"elementor-element elementor-element-d4fba09 elementor-widget elementor-widget-image-box\" data-id=\"d4fba09\" data-element_type=\"widget\" data-widget_type=\"image-box.default\">\n\t\t\t\t<div class=\"elementor-widget-container\">\n\t\t\t\t\t<div class=\"elementor-image-box-wrapper\"><div class=\"elementor-image-box-content\"><h2 class=\"elementor-image-box-title\">Vision<\/h2><p class=\"elementor-image-box-description\">The aim is to provide you and your children with medium and long-term professional support so that not only school and exam grades are improved, but also the foundations of science are properly laid. From our experience, we believe that this is the only way to achieve long-term success, both for the Abitur and for university.<\/p><\/div><\/div>\t\t\t\t<\/div>\n\t\t\t\t<\/div>\n\t\t\t\t<\/div>\n\t\t<div class=\"elementor-element elementor-element-fb13782 e-con-full e-flex e-con e-child\" data-id=\"fb13782\" data-element_type=\"container\">\n\t\t\t\t<div class=\"elementor-element elementor-element-0a49ce4 elementor-widget elementor-widget-heading\" data-id=\"0a49ce4\" data-element_type=\"widget\" data-widget_type=\"heading.default\">\n\t\t\t\t<div class=\"elementor-widget-container\">\n\t\t\t\t\t<h2 class=\"elementor-heading-title elementor-size-default\">Values<\/h2>\t\t\t\t<\/div>\n\t\t\t\t<\/div>\n\t\t\t\t<div class=\"elementor-element elementor-element-c71cf66 elementor-icon-list--layout-traditional elementor-list-item-link-full_width elementor-widget elementor-widget-icon-list\" data-id=\"c71cf66\" data-element_type=\"widget\" data-widget_type=\"icon-list.default\">\n\t\t\t\t<div class=\"elementor-widget-container\">\n\t\t\t\t\t\t\t<ul class=\"elementor-icon-list-items\">\n\t\t\t\t\t\t\t<li class=\"elementor-icon-list-item\">\n\t\t\t\t\t\t\t\t\t\t\t<span class=\"elementor-icon-list-icon\">\n\t\t\t\t\t\t\t<svg aria-hidden=\"true\" class=\"e-font-icon-svg e-fas-caret-right\" viewbox=\"0 0 192 512\" xmlns=\"http:\/\/www.w3.org\/2000\/svg\"><path d=\"M0 384.662V127.338c0-17.818 21.543-26.741 34.142-14.142l128.662 128.662c7.81 7.81 7.81 20.474 0 28.284L34.142 398.804C21.543 411.404 0 402.48 0 384.662z\"><\/path><\/svg>\t\t\t\t\t\t<\/span>\n\t\t\t\t\t\t\t\t\t\t<span class=\"elementor-icon-list-text\">Regularity and continuity<\/span>\n\t\t\t\t\t\t\t\t\t<\/li>\n\t\t\t\t\t\t\t\t<li class=\"elementor-icon-list-item\">\n\t\t\t\t\t\t\t\t\t\t\t<span class=\"elementor-icon-list-icon\">\n\t\t\t\t\t\t\t<svg aria-hidden=\"true\" class=\"e-font-icon-svg e-fas-caret-right\" viewbox=\"0 0 192 512\" xmlns=\"http:\/\/www.w3.org\/2000\/svg\"><path d=\"M0 384.662V127.338c0-17.818 21.543-26.741 34.142-14.142l128.662 128.662c7.81 7.81 7.81 20.474 0 28.284L34.142 398.804C21.543 411.404 0 402.48 0 384.662z\"><\/path><\/svg>\t\t\t\t\t\t<\/span>\n\t\t\t\t\t\t\t\t\t\t<span class=\"elementor-icon-list-text\">Motivation and content leadership<\/span>\n\t\t\t\t\t\t\t\t\t<\/li>\n\t\t\t\t\t\t\t\t<li class=\"elementor-icon-list-item\">\n\t\t\t\t\t\t\t\t\t\t\t<span class=\"elementor-icon-list-icon\">\n\t\t\t\t\t\t\t<svg aria-hidden=\"true\" class=\"e-font-icon-svg e-fas-caret-right\" viewbox=\"0 0 192 512\" xmlns=\"http:\/\/www.w3.org\/2000\/svg\"><path d=\"M0 384.662V127.338c0-17.818 21.543-26.741 34.142-14.142l128.662 128.662c7.81 7.81 7.81 20.474 0 28.284L34.142 398.804C21.543 411.404 0 402.48 0 384.662z\"><\/path><\/svg>\t\t\t\t\t\t<\/span>\n\t\t\t\t\t\t\t\t\t\t<span class=\"elementor-icon-list-text\">Professionalism and reliability<\/span>\n\t\t\t\t\t\t\t\t\t<\/li>\n\t\t\t\t\t\t<\/ul>\n\t\t\t\t\t\t<\/div>\n\t\t\t\t<\/div>\n\t\t\t\t<\/div>\n\t\t\t\t\t<\/div>\n\t\t\t\t<\/div>\n\t\t\t\t<section class=\"elementor-section elementor-top-section elementor-element elementor-element-a30f269 elementor-section-boxed elementor-section-height-default elementor-section-height-default\" data-id=\"a30f269\" data-element_type=\"section\" data-settings=\"{&quot;background_background&quot;:&quot;classic&quot;}\">\n\t\t\t\t\t\t\t<div class=\"elementor-background-overlay\"><\/div>\n\t\t\t\t\t\t\t<div class=\"elementor-container elementor-column-gap-no\">\n\t\t\t\t\t<div class=\"elementor-column elementor-col-100 elementor-top-column elementor-element elementor-element-96046dc\" data-id=\"96046dc\" data-element_type=\"column\">\n\t\t\t<div class=\"elementor-widget-wrap elementor-element-populated\">\n\t\t\t\t\t\t<div class=\"elementor-element elementor-element-8000125 elementor-widget elementor-widget-image-box\" data-id=\"8000125\" data-element_type=\"widget\" data-widget_type=\"image-box.default\">\n\t\t\t\t<div class=\"elementor-widget-container\">\n\t\t\t\t\t<div class=\"elementor-image-box-wrapper\"><div class=\"elementor-image-box-content\"><h2 class=\"elementor-image-box-title\">Contact<\/h2><p class=\"elementor-image-box-description\">Contact us and discuss your request with us. We will be happy to advise you free of charge by telephone.\n<\/br>\n<\/br>\n\nYour Sciences in Frankfurt team<\/p><\/div><\/div>\t\t\t\t<\/div>\n\t\t\t\t<\/div>\n\t\t\t\t<div class=\"elementor-element elementor-element-01d14e9 elementor-align-center elementor-widget elementor-widget-button\" data-id=\"01d14e9\" data-element_type=\"widget\" data-widget_type=\"button.default\">\n\t\t\t\t<div class=\"elementor-widget-container\">\n\t\t\t\t\t\t\t\t\t<div class=\"elementor-button-wrapper\">\n\t\t\t\t\t<a class=\"elementor-button elementor-button-link elementor-size-lg\" href=\"https:\/\/sciences-in-frankfurt.de\/en\/kontakt\/\">\n\t\t\t\t\t\t<span class=\"elementor-button-content-wrapper\">\n\t\t\t\t\t\t\t\t\t<span class=\"elementor-button-text\">Contact<\/span>\n\t\t\t\t\t<\/span>\n\t\t\t\t\t<\/a>\n\t\t\t\t<\/div>\n\t\t\t\t\t\t\t\t<\/div>\n\t\t\t\t<\/div>\n\t\t\t\t\t<\/div>\n\t\t<\/div>\n\t\t\t\t\t<\/div>\n\t\t<\/section>\n\t\t\t\t<\/div>","protected":false},"excerpt":{"rendered":"<p>\u00dcber Uns Hochwertige Nachhilfe seit 2010 Sciences Frankfurt besch\u00e4ftigt ausschlie\u00dflich Akademiker und Studenten h\u00f6herer Semester der Naturwissenschaften, die aufgrund ihres Lebenslaufs jahrelange Erfahrung beim Unterrichten, Fortbilden und wissenschaftlichem Begleiten von Sch\u00fclern und Studenten mitbringen und deswegen professionelle Nachhilfe erteilen. Diese Erfahrungen werden in Form vom Einzelunterricht eingebracht und an die Bed\u00fcrfnisse des jeweiligen Sch\u00fclers angepasst. [&hellip;]<\/p>","protected":false},"author":1,"featured_media":0,"parent":0,"menu_order":0,"comment_status":"closed","ping_status":"closed","template":"","meta":{"site-sidebar-layout":"no-sidebar","site-content-layout":"page-builder","ast-site-content-layout":"","site-content-style":"default","site-sidebar-style":"default","ast-global-header-display":"","ast-banner-title-visibility":"","ast-main-header-display":"","ast-hfb-above-header-display":"","ast-hfb-below-header-display":"","ast-hfb-mobile-header-display":"","site-post-title":"disabled","ast-breadcrumbs-content":"","ast-featured-img":"","footer-sml-layout":"","theme-transparent-header-meta":"enabled","adv-header-id-meta":"","stick-header-meta":"","header-above-stick-meta":"","header-main-stick-meta":"","header-below-stick-meta":"","astra-migrate-meta-layouts":"default","ast-page-background-enabled":"default","ast-page-background-meta":{"desktop":{"background-color":"","background-image":"","background-repeat":"repeat","background-position":"center center","background-size":"auto","background-attachment":"scroll","background-type":"","background-media":"","overlay-type":"","overlay-color":"","overlay-opacity":"","overlay-gradient":""},"tablet":{"background-color":"","background-image":"","background-repeat":"repeat","background-position":"center center","background-size":"auto","background-attachment":"scroll","background-type":"","background-media":"","overlay-type":"","overlay-color":"","overlay-opacity":"","overlay-gradient":""},"mobile":{"background-color":"","background-image":"","background-repeat":"repeat","background-position":"center center","background-size":"auto","background-attachment":"scroll","background-type":"","background-media":"","overlay-type":"","overlay-color":"","overlay-opacity":"","overlay-gradient":""}},"ast-content-background-meta":{"desktop":{"background-color":"var(--ast-global-color-5)","background-image":"","background-repeat":"repeat","background-position":"center center","background-size":"auto","background-attachment":"scroll","background-type":"","background-media":"","overlay-type":"","overlay-color":"","overlay-opacity":"","overlay-gradient":""},"tablet":{"background-color":"var(--ast-global-color-5)","background-image":"","background-repeat":"repeat","background-position":"center center","background-size":"auto","background-attachment":"scroll","background-type":"","background-media":"","overlay-type":"","overlay-color":"","overlay-opacity":"","overlay-gradient":""},"mobile":{"background-color":"var(--ast-global-color-5)","background-image":"","background-repeat":"repeat","background-position":"center center","background-size":"auto","background-attachment":"scroll","background-type":"","background-media":"","overlay-type":"","overlay-color":"","overlay-opacity":"","overlay-gradient":""}},"footnotes":""},"class_list":["post-31","page","type-page","status-publish","hentry"],"yoast_head":"<!-- This site is optimized with the Yoast SEO plugin v24.5 - https:\/\/yoast.com\/wordpress\/plugins\/seo\/ -->\n<title>\u00dcber Uns - Sciences in Frankfurt<\/title>\n<meta name=\"robots\" content=\"index, follow, max-snippet:-1, max-image-preview:large, max-video-preview:-1\" \/>\n<link rel=\"canonical\" href=\"https:\/\/sciences-in-frankfurt.de\/en\/ueber-uns\/\" \/>\n<meta property=\"og:locale\" content=\"en_US\" \/>\n<meta property=\"og:type\" content=\"article\" \/>\n<meta property=\"og:title\" content=\"\u00dcber Uns - Sciences in Frankfurt\" \/>\n<meta property=\"og:description\" content=\"\u00dcber Uns Hochwertige Nachhilfe seit 2010 Sciences Frankfurt besch\u00e4ftigt ausschlie\u00dflich Akademiker und Studenten h\u00f6herer Semester der Naturwissenschaften, die aufgrund ihres Lebenslaufs jahrelange Erfahrung beim Unterrichten, Fortbilden und wissenschaftlichem Begleiten von Sch\u00fclern und Studenten mitbringen und deswegen professionelle Nachhilfe erteilen. Diese Erfahrungen werden in Form vom Einzelunterricht eingebracht und an die Bed\u00fcrfnisse des jeweiligen Sch\u00fclers angepasst. [&hellip;]\" \/>\n<meta property=\"og:url\" content=\"https:\/\/sciences-in-frankfurt.de\/en\/ueber-uns\/\" \/>\n<meta property=\"og:site_name\" content=\"Sciences in Frankfurt\" \/>\n<meta property=\"article:modified_time\" content=\"2023-11-19T12:49:36+00:00\" \/>\n<meta property=\"og:image\" content=\"https:\/\/sciences-in-frankfurt.de\/wp-content\/uploads\/2023\/11\/team-4864038_1280-1024x677.jpg\" \/>\n<meta name=\"twitter:card\" content=\"summary_large_image\" \/>\n<meta name=\"twitter:label1\" content=\"Est. reading time\" \/>\n\t<meta name=\"twitter:data1\" content=\"1 minute\" \/>\n<script type=\"application\/ld+json\" class=\"yoast-schema-graph\">{\"@context\":\"https:\/\/schema.org\",\"@graph\":[{\"@type\":\"WebPage\",\"@id\":\"https:\/\/sciences-in-frankfurt.de\/en\/ueber-uns\/\",\"url\":\"https:\/\/sciences-in-frankfurt.de\/en\/ueber-uns\/\",\"name\":\"\u00dcber Uns - Sciences in Frankfurt\",\"isPartOf\":{\"@id\":\"https:\/\/sciences-in-frankfurt.de\/#website\"},\"primaryImageOfPage\":{\"@id\":\"https:\/\/sciences-in-frankfurt.de\/en\/ueber-uns\/#primaryimage\"},\"image\":{\"@id\":\"https:\/\/sciences-in-frankfurt.de\/en\/ueber-uns\/#primaryimage\"},\"thumbnailUrl\":\"https:\/\/sciences-in-frankfurt.de\/wp-content\/uploads\/2023\/11\/team-4864038_1280-1024x677.jpg\",\"datePublished\":\"2020-04-13T11:18:52+00:00\",\"dateModified\":\"2023-11-19T12:49:36+00:00\",\"breadcrumb\":{\"@id\":\"https:\/\/sciences-in-frankfurt.de\/en\/ueber-uns\/#breadcrumb\"},\"inLanguage\":\"en-US\",\"potentialAction\":[{\"@type\":\"ReadAction\",\"target\":[\"https:\/\/sciences-in-frankfurt.de\/en\/ueber-uns\/\"]}]},{\"@type\":\"ImageObject\",\"inLanguage\":\"en-US\",\"@id\":\"https:\/\/sciences-in-frankfurt.de\/en\/ueber-uns\/#primaryimage\",\"url\":\"https:\/\/sciences-in-frankfurt.de\/wp-content\/uploads\/2023\/11\/team-4864038_1280-1024x677.jpg\",\"contentUrl\":\"https:\/\/sciences-in-frankfurt.de\/wp-content\/uploads\/2023\/11\/team-4864038_1280-1024x677.jpg\"},{\"@type\":\"BreadcrumbList\",\"@id\":\"https:\/\/sciences-in-frankfurt.de\/en\/ueber-uns\/#breadcrumb\",\"itemListElement\":[{\"@type\":\"ListItem\",\"position\":1,\"name\":\"Startseite\",\"item\":\"https:\/\/sciences-in-frankfurt.de\/\"},{\"@type\":\"ListItem\",\"position\":2,\"name\":\"\u00dcber Uns\"}]},{\"@type\":\"WebSite\",\"@id\":\"https:\/\/sciences-in-frankfurt.de\/#website\",\"url\":\"https:\/\/sciences-in-frankfurt.de\/\",\"name\":\"Sciences in Frankfurt\",\"description\":\"Ihre Nachhilfe in Chemie, Biologie, Mathematik und Biochemie in Frankfurt am Main\",\"publisher\":{\"@id\":\"https:\/\/sciences-in-frankfurt.de\/#organization\"},\"alternateName\":\"Nachhilfe f\u00fcr Stunden und Sch\u00fcler in Frankfurt am Main\",\"potentialAction\":[{\"@type\":\"SearchAction\",\"target\":{\"@type\":\"EntryPoint\",\"urlTemplate\":\"https:\/\/sciences-in-frankfurt.de\/?s={search_term_string}\"},\"query-input\":{\"@type\":\"PropertyValueSpecification\",\"valueRequired\":true,\"valueName\":\"search_term_string\"}}],\"inLanguage\":\"en-US\"},{\"@type\":\"Organization\",\"@id\":\"https:\/\/sciences-in-frankfurt.de\/#organization\",\"name\":\"Sciences in Frankfurt\",\"alternateName\":\"Nachhilfe f\u00fcr Stundenten und Sch\u00fcler in Frankfurt\",\"url\":\"https:\/\/sciences-in-frankfurt.de\/\",\"logo\":{\"@type\":\"ImageObject\",\"inLanguage\":\"en-US\",\"@id\":\"https:\/\/sciences-in-frankfurt.de\/#\/schema\/logo\/image\/\",\"url\":\"https:\/\/sciences-in-frankfurt.de\/wp-content\/uploads\/2023\/11\/skyline-4371513_640-Benutzerdefiniert.jpg\",\"contentUrl\":\"https:\/\/sciences-in-frankfurt.de\/wp-content\/uploads\/2023\/11\/skyline-4371513_640-Benutzerdefiniert.jpg\",\"width\":640,\"height\":427,\"caption\":\"Sciences in Frankfurt\"},\"image\":{\"@id\":\"https:\/\/sciences-in-frankfurt.de\/#\/schema\/logo\/image\/\"}}]}<\/script>\n<!-- \/ Yoast SEO plugin. -->","yoast_head_json":{"title":"\u00dcber Uns - Sciences in Frankfurt","robots":{"index":"index","follow":"follow","max-snippet":"max-snippet:-1","max-image-preview":"max-image-preview:large","max-video-preview":"max-video-preview:-1"},"canonical":"https:\/\/sciences-in-frankfurt.de\/en\/ueber-uns\/","og_locale":"en_US","og_type":"article","og_title":"\u00dcber Uns - Sciences in Frankfurt","og_description":"\u00dcber Uns Hochwertige Nachhilfe seit 2010 Sciences Frankfurt besch\u00e4ftigt ausschlie\u00dflich Akademiker und Studenten h\u00f6herer Semester der Naturwissenschaften, die aufgrund ihres Lebenslaufs jahrelange Erfahrung beim Unterrichten, Fortbilden und wissenschaftlichem Begleiten von Sch\u00fclern und Studenten mitbringen und deswegen professionelle Nachhilfe erteilen. Diese Erfahrungen werden in Form vom Einzelunterricht eingebracht und an die Bed\u00fcrfnisse des jeweiligen Sch\u00fclers angepasst. [&hellip;]","og_url":"https:\/\/sciences-in-frankfurt.de\/en\/ueber-uns\/","og_site_name":"Sciences in Frankfurt","article_modified_time":"2023-11-19T12:49:36+00:00","og_image":[{"url":"https:\/\/sciences-in-frankfurt.de\/wp-content\/uploads\/2023\/11\/team-4864038_1280-1024x677.jpg","type":"","width":"","height":""}],"twitter_card":"summary_large_image","twitter_misc":{"Est. reading time":"1 minute"},"schema":{"@context":"https:\/\/schema.org","@graph":[{"@type":"WebPage","@id":"https:\/\/sciences-in-frankfurt.de\/en\/ueber-uns\/","url":"https:\/\/sciences-in-frankfurt.de\/en\/ueber-uns\/","name":"\u00dcber Uns - Sciences in Frankfurt","isPartOf":{"@id":"https:\/\/sciences-in-frankfurt.de\/#website"},"primaryImageOfPage":{"@id":"https:\/\/sciences-in-frankfurt.de\/en\/ueber-uns\/#primaryimage"},"image":{"@id":"https:\/\/sciences-in-frankfurt.de\/en\/ueber-uns\/#primaryimage"},"thumbnailUrl":"https:\/\/sciences-in-frankfurt.de\/wp-content\/uploads\/2023\/11\/team-4864038_1280-1024x677.jpg","datePublished":"2020-04-13T11:18:52+00:00","dateModified":"2023-11-19T12:49:36+00:00","breadcrumb":{"@id":"https:\/\/sciences-in-frankfurt.de\/en\/ueber-uns\/#breadcrumb"},"inLanguage":"en-US","potentialAction":[{"@type":"ReadAction","target":["https:\/\/sciences-in-frankfurt.de\/en\/ueber-uns\/"]}]},{"@type":"ImageObject","inLanguage":"en-US","@id":"https:\/\/sciences-in-frankfurt.de\/en\/ueber-uns\/#primaryimage","url":"https:\/\/sciences-in-frankfurt.de\/wp-content\/uploads\/2023\/11\/team-4864038_1280-1024x677.jpg","contentUrl":"https:\/\/sciences-in-frankfurt.de\/wp-content\/uploads\/2023\/11\/team-4864038_1280-1024x677.jpg"},{"@type":"BreadcrumbList","@id":"https:\/\/sciences-in-frankfurt.de\/en\/ueber-uns\/#breadcrumb","itemListElement":[{"@type":"ListItem","position":1,"name":"Startseite","item":"https:\/\/sciences-in-frankfurt.de\/"},{"@type":"ListItem","position":2,"name":"\u00dcber Uns"}]},{"@type":"WebSite","@id":"https:\/\/sciences-in-frankfurt.de\/#website","url":"https:\/\/sciences-in-frankfurt.de\/","name":"Sciences in Frankfurt","description":"Ihre Nachhilfe in Chemie, Biologie, Mathematik und Biochemie in Frankfurt am Main","publisher":{"@id":"https:\/\/sciences-in-frankfurt.de\/#organization"},"alternateName":"Nachhilfe f\u00fcr Stunden und Sch\u00fcler in Frankfurt am Main","potentialAction":[{"@type":"SearchAction","target":{"@type":"EntryPoint","urlTemplate":"https:\/\/sciences-in-frankfurt.de\/?s={search_term_string}"},"query-input":{"@type":"PropertyValueSpecification","valueRequired":true,"valueName":"search_term_string"}}],"inLanguage":"en-US"},{"@type":"Organization","@id":"https:\/\/sciences-in-frankfurt.de\/#organization","name":"Sciences in Frankfurt","alternateName":"Nachhilfe f\u00fcr Stundenten und Sch\u00fcler in Frankfurt","url":"https:\/\/sciences-in-frankfurt.de\/","logo":{"@type":"ImageObject","inLanguage":"en-US","@id":"https:\/\/sciences-in-frankfurt.de\/#\/schema\/logo\/image\/","url":"https:\/\/sciences-in-frankfurt.de\/wp-content\/uploads\/2023\/11\/skyline-4371513_640-Benutzerdefiniert.jpg","contentUrl":"https:\/\/sciences-in-frankfurt.de\/wp-content\/uploads\/2023\/11\/skyline-4371513_640-Benutzerdefiniert.jpg","width":640,"height":427,"caption":"Sciences in Frankfurt"},"image":{"@id":"https:\/\/sciences-in-frankfurt.de\/#\/schema\/logo\/image\/"}}]}},"_links":{"self":[{"href":"https:\/\/sciences-in-frankfurt.de\/en\/wp-json\/wp\/v2\/pages\/31","targetHints":{"allow":["GET"]}}],"collection":[{"href":"https:\/\/sciences-in-frankfurt.de\/en\/wp-json\/wp\/v2\/pages"}],"about":[{"href":"https:\/\/sciences-in-frankfurt.de\/en\/wp-json\/wp\/v2\/types\/page"}],"author":[{"embeddable":true,"href":"https:\/\/sciences-in-frankfurt.de\/en\/wp-json\/wp\/v2\/users\/1"}],"replies":[{"embeddable":true,"href":"https:\/\/sciences-in-frankfurt.de\/en\/wp-json\/wp\/v2\/comments?post=31"}],"version-history":[{"count":23,"href":"https:\/\/sciences-in-frankfurt.de\/en\/wp-json\/wp\/v2\/pages\/31\/revisions"}],"predecessor-version":[{"id":1131,"href":"https:\/\/sciences-in-frankfurt.de\/en\/wp-json\/wp\/v2\/pages\/31\/revisions\/1131"}],"wp:attachment":[{"href":"https:\/\/sciences-in-frankfurt.de\/en\/wp-json\/wp\/v2\/media?parent=31"}],"curies":[{"name":"wp","href":"https:\/\/api.w.org\/{rel}","templated":true}]}}