{"id":1300,"date":"2024-04-30T08:30:15","date_gmt":"2024-04-30T06:30:15","guid":{"rendered":"https:\/\/sciences-in-frankfurt.de\/?page_id=1300"},"modified":"2024-05-01T11:47:50","modified_gmt":"2024-05-01T09:47:50","slug":"stellenangebote","status":"publish","type":"page","link":"https:\/\/sciences-in-frankfurt.de\/en\/stellenangebote\/","title":{"rendered":"Stellenangebote"},"content":{"rendered":"<div data-elementor-type=\"wp-page\" data-elementor-id=\"1300\" class=\"elementor elementor-1300\">\n\t\t\t\t<div class=\"elementor-element elementor-element-9010cd0 e-flex e-con-boxed e-con e-parent\" data-id=\"9010cd0\" data-element_type=\"container\" data-settings=\"{&quot;background_background&quot;:&quot;classic&quot;}\">\n\t\t\t\t\t<div class=\"e-con-inner\">\n\t\t<div class=\"elementor-element elementor-element-5a69cc7 e-con-full e-flex e-con e-child\" data-id=\"5a69cc7\" data-element_type=\"container\">\n\t\t\t\t<div class=\"elementor-element elementor-element-f184ec7 elementor-widget elementor-widget-heading\" data-id=\"f184ec7\" data-element_type=\"widget\" data-widget_type=\"heading.default\">\n\t\t\t\t<div class=\"elementor-widget-container\">\n\t\t\t\t\t<h1 class=\"elementor-heading-title elementor-size-default\">Stellen&shy;angebote\n\n<\/h1>\t\t\t\t<\/div>\n\t\t\t\t<\/div>\n\t\t\t\t<\/div>\n\t\t\t\t\t<\/div>\n\t\t\t\t<\/div>\n\t\t<div class=\"elementor-element elementor-element-0d2c53d e-flex e-con-boxed e-con e-parent\" data-id=\"0d2c53d\" data-element_type=\"container\">\n\t\t\t\t\t<div class=\"e-con-inner\">\n\t\t\t\t<div class=\"elementor-element elementor-element-754e597 elementor-widget elementor-widget-spacer\" data-id=\"754e597\" data-element_type=\"widget\" data-widget_type=\"spacer.default\">\n\t\t\t\t<div class=\"elementor-widget-container\">\n\t\t\t\t\t\t\t<div class=\"elementor-spacer\">\n\t\t\t<div class=\"elementor-spacer-inner\"><\/div>\n\t\t<\/div>\n\t\t\t\t\t\t<\/div>\n\t\t\t\t<\/div>\n\t\t\t\t<div class=\"elementor-element elementor-element-b31d4ea elementor-widget elementor-widget-heading\" data-id=\"b31d4ea\" data-element_type=\"widget\" data-widget_type=\"heading.default\">\n\t\t\t\t<div class=\"elementor-widget-container\">\n\t\t\t\t\t<h2 class=\"elementor-heading-title elementor-size-default\">Lehrkr\u00e4fte (auf freiberuflicher Basis) f\u00fcr Naturwissenschaften, Englisch und Deutsch zur Erweiterung unseres  privaten Nachhilfeteams gesucht! <\/h2>\t\t\t\t<\/div>\n\t\t\t\t<\/div>\n\t\t\t\t<div class=\"elementor-element elementor-element-0d2348d elementor-widget elementor-widget-text-editor\" data-id=\"0d2348d\" data-element_type=\"widget\" data-widget_type=\"text-editor.default\">\n\t\t\t\t<div class=\"elementor-widget-container\">\n\t\t\t\t\t\t\t\t\t<div class=\"\"><strong>Ihre Aufgaben:<\/strong><\/div><div class=\"\">&#8211; 1:1 on site und\/oder online Unterricht der Naturwissenschaften (Mathematik, Physik, Chemie, Biologie, Biochemie) und\/oder Deutsch und Englisch\u00a0<\/div><div class=\"\">&#8211; Fachliche Betreuung und F\u00f6rderung von Sch\u00fclern und Studenten\u00a0<\/div><div class=\"\">&#8211; Hausaufgabenbetreuung von j\u00fcngeren Sch\u00fclern<\/div><div class=\"\">&#8211; Unterst\u00fctzung von Klausurvorbereitungen <\/div><div>\u00a0<\/div><div><div class=\"\"><strong>Ihr Profil:<\/strong><\/div><div class=\"\">&#8211; abgeschlossenes Studium der Naturwissenschaften (Biologie, Chemie, Mathematik, Physik) oder Lehramt mit Schwerpunkt Naturwissenschaften<\/div><div class=\"\">&#8211; alternativ: Studierende h\u00f6herer Semester der o.g. Studieng\u00e4nge\u00a0<\/div><div class=\"\">&#8211; Spa\u00df am Motivieren und Arbeiten mit Sch\u00fclern und Studenten\u00a0<\/div><div class=\"\">&#8211; Geduld beim Erkl\u00e4ren<\/div><div class=\"\">&#8211; ausgepr\u00e4gte Kommunikations- und Teamf\u00e4hligkeit\u00a0<\/div><div class=\"\">&#8211; Lust das angeeignete Wissen weiterzugeben\u00a0<\/div><div class=\"\">&#8211; Flexibilit\u00e4t , Engagement und Professionalit\u00e4t\u00a0<\/div><\/div><div>\u00a0<\/div><div><div class=\"\"><strong>Unser Angebot:<\/strong><\/div><div class=\"\">&#8211; ein unterst\u00fctzendes und motivierendes Arbeitsumfeld im dynamischen und hoch engagierten Team\u00a0<\/div><div class=\"\">&#8211; entsprechendes Training zur Optimierung der Lehrf\u00e4higkeiten\u00a0<\/div><div class=\"\">&#8211; hohe zeitliche Flexibilit\u00e4t\u00a0<\/div><div class=\"\">&#8211; ein wettbewerbsf\u00e4higes leistungsabh\u00e4ngiges \u00a0Honorar\u00a0<\/div><div class=\"\">&#8211; langfristige Zusammenarbeitsm\u00f6glichkeiten<\/div><div class=\"\">&#8211; Mentoring, wenn gew\u00fcnscht\u00a0<\/div><\/div><div>\u00a0<\/div><div>F\u00fchlen Sie sich angesprochen? Wir freuen uns Sie kennenzulernen! Bitte senden Sie Ihren Lebenslauf an <a class=\"\" href=\"mailto:info@sciences-in-frankfurt.de\" target=\"_blank\" rel=\"noreferrer nofollow noopener\">info@sciences-in-frankfurt.de<\/a><\/div><div>\u00a0<\/div><div><strong>Haben Sie Fragen?<\/strong><\/div><div>Sie erreichen uns unter <strong>0170 4892496<\/strong>.<\/div><div>Wir freuen uns Sie kennenzulernen!<\/div>\t\t\t\t\t\t\t\t<\/div>\n\t\t\t\t<\/div>\n\t\t\t\t<div class=\"elementor-element elementor-element-e5d5c13 elementor-widget elementor-widget-button\" data-id=\"e5d5c13\" data-element_type=\"widget\" data-widget_type=\"button.default\">\n\t\t\t\t<div class=\"elementor-widget-container\">\n\t\t\t\t\t\t\t\t\t<div class=\"elementor-button-wrapper\">\n\t\t\t\t\t<a class=\"elementor-button elementor-button-link elementor-size-sm\" href=\"https:\/\/sciences-in-frankfurt.de\/en\/kontakt\/\">\n\t\t\t\t\t\t<span class=\"elementor-button-content-wrapper\">\n\t\t\t\t\t\t\t\t\t<span class=\"elementor-button-text\">Contact<\/span>\n\t\t\t\t\t<\/span>\n\t\t\t\t\t<\/a>\n\t\t\t\t<\/div>\n\t\t\t\t\t\t\t\t<\/div>\n\t\t\t\t<\/div>\n\t\t\t\t\t<\/div>\n\t\t\t\t<\/div>\n\t\t\t\t<section class=\"elementor-section elementor-top-section elementor-element elementor-element-20e4c02 elementor-section-boxed elementor-section-height-default elementor-section-height-default\" data-id=\"20e4c02\" data-element_type=\"section\" data-settings=\"{&quot;background_background&quot;:&quot;classic&quot;}\">\n\t\t\t\t\t\t\t<div class=\"elementor-background-overlay\"><\/div>\n\t\t\t\t\t\t\t<div class=\"elementor-container elementor-column-gap-no\">\n\t\t\t\t\t<div class=\"elementor-column elementor-col-100 elementor-top-column elementor-element elementor-element-c93b0b5\" data-id=\"c93b0b5\" data-element_type=\"column\">\n\t\t\t<div class=\"elementor-widget-wrap elementor-element-populated\">\n\t\t\t\t\t\t<div class=\"elementor-element elementor-element-baa6eb7 elementor-widget elementor-widget-image-box\" data-id=\"baa6eb7\" data-element_type=\"widget\" data-widget_type=\"image-box.default\">\n\t\t\t\t<div class=\"elementor-widget-container\">\n\t\t\t\t\t<div class=\"elementor-image-box-wrapper\"><div class=\"elementor-image-box-content\"><h2 class=\"elementor-image-box-title\">Contact<\/h2><p class=\"elementor-image-box-description\">Contact us and discuss your request with us. We will be happy to advise you free of charge by telephone.\n<\/br>\n<\/br>\n\nYour Sciences in Frankfurt team<\/p><\/div><\/div>\t\t\t\t<\/div>\n\t\t\t\t<\/div>\n\t\t\t\t<div class=\"elementor-element elementor-element-4097e49 elementor-align-center elementor-widget elementor-widget-button\" data-id=\"4097e49\" data-element_type=\"widget\" data-widget_type=\"button.default\">\n\t\t\t\t<div class=\"elementor-widget-container\">\n\t\t\t\t\t\t\t\t\t<div class=\"elementor-button-wrapper\">\n\t\t\t\t\t<a class=\"elementor-button elementor-button-link elementor-size-lg\" href=\"https:\/\/sciences-in-frankfurt.de\/en\/kontakt\/\">\n\t\t\t\t\t\t<span class=\"elementor-button-content-wrapper\">\n\t\t\t\t\t\t\t\t\t<span class=\"elementor-button-text\">Contact<\/span>\n\t\t\t\t\t<\/span>\n\t\t\t\t\t<\/a>\n\t\t\t\t<\/div>\n\t\t\t\t\t\t\t\t<\/div>\n\t\t\t\t<\/div>\n\t\t\t\t\t<\/div>\n\t\t<\/div>\n\t\t\t\t\t<\/div>\n\t\t<\/section>\n\t\t\t\t<\/div>","protected":false},"excerpt":{"rendered":"<p>Stellen&shy;angebote Lehrkr\u00e4fte (auf freiberuflicher Basis) f\u00fcr Naturwissenschaften, Englisch und Deutsch zur Erweiterung unseres privaten Nachhilfeteams gesucht! Ihre Aufgaben:&#8211; 1:1 on site und\/oder online Unterricht der Naturwissenschaften (Mathematik, Physik, Chemie, Biologie, Biochemie) und\/oder Deutsch und Englisch\u00a0&#8211; Fachliche Betreuung und F\u00f6rderung von Sch\u00fclern und Studenten\u00a0&#8211; Hausaufgabenbetreuung von j\u00fcngeren Sch\u00fclern- Unterst\u00fctzung von Klausurvorbereitungen \u00a0Ihr Profil:&#8211; abgeschlossenes Studium der [&hellip;]<\/p>","protected":false},"author":2,"featured_media":0,"parent":0,"menu_order":0,"comment_status":"closed","ping_status":"closed","template":"","meta":{"site-sidebar-layout":"no-sidebar","site-content-layout":"page-builder","ast-site-content-layout":"","site-content-style":"default","site-sidebar-style":"default","ast-global-header-display":"","ast-banner-title-visibility":"","ast-main-header-display":"","ast-hfb-above-header-display":"","ast-hfb-below-header-display":"","ast-hfb-mobile-header-display":"","site-post-title":"disabled","ast-breadcrumbs-content":"","ast-featured-img":"","footer-sml-layout":"","theme-transparent-header-meta":"enabled","adv-header-id-meta":"","stick-header-meta":"","header-above-stick-meta":"","header-main-stick-meta":"","header-below-stick-meta":"","astra-migrate-meta-layouts":"default","ast-page-background-enabled":"default","ast-page-background-meta":{"desktop":{"background-color":"","background-image":"","background-repeat":"repeat","background-position":"center center","background-size":"auto","background-attachment":"scroll","background-type":"","background-media":"","overlay-type":"","overlay-color":"","overlay-opacity":"","overlay-gradient":""},"tablet":{"background-color":"","background-image":"","background-repeat":"repeat","background-position":"center center","background-size":"auto","background-attachment":"scroll","background-type":"","background-media":"","overlay-type":"","overlay-color":"","overlay-opacity":"","overlay-gradient":""},"mobile":{"background-color":"","background-image":"","background-repeat":"repeat","background-position":"center center","background-size":"auto","background-attachment":"scroll","background-type":"","background-media":"","overlay-type":"","overlay-color":"","overlay-opacity":"","overlay-gradient":""}},"ast-content-background-meta":{"desktop":{"background-color":"var(--ast-global-color-5)","background-image":"","background-repeat":"repeat","background-position":"center center","background-size":"auto","background-attachment":"scroll","background-type":"","background-media":"","overlay-type":"","overlay-color":"","overlay-opacity":"","overlay-gradient":""},"tablet":{"background-color":"var(--ast-global-color-5)","background-image":"","background-repeat":"repeat","background-position":"center center","background-size":"auto","background-attachment":"scroll","background-type":"","background-media":"","overlay-type":"","overlay-color":"","overlay-opacity":"","overlay-gradient":""},"mobile":{"background-color":"var(--ast-global-color-5)","background-image":"","background-repeat":"repeat","background-position":"center center","background-size":"auto","background-attachment":"scroll","background-type":"","background-media":"","overlay-type":"","overlay-color":"","overlay-opacity":"","overlay-gradient":""}},"footnotes":""},"class_list":["post-1300","page","type-page","status-publish","hentry"],"yoast_head":"<!-- This site is optimized with the Yoast SEO plugin v24.5 - https:\/\/yoast.com\/wordpress\/plugins\/seo\/ -->\n<title>Stellenangebote - Sciences in Frankfurt<\/title>\n<meta name=\"robots\" content=\"index, follow, max-snippet:-1, max-image-preview:large, max-video-preview:-1\" \/>\n<link rel=\"canonical\" href=\"https:\/\/sciences-in-frankfurt.de\/en\/stellenangebote\/\" \/>\n<meta property=\"og:locale\" content=\"en_US\" \/>\n<meta property=\"og:type\" content=\"article\" \/>\n<meta property=\"og:title\" content=\"Stellenangebote - Sciences in Frankfurt\" \/>\n<meta property=\"og:description\" content=\"Stellen&shy;angebote Lehrkr\u00e4fte (auf freiberuflicher Basis) f\u00fcr Naturwissenschaften, Englisch und Deutsch zur Erweiterung unseres privaten Nachhilfeteams gesucht! Ihre Aufgaben:&#8211; 1:1 on site und\/oder online Unterricht der Naturwissenschaften (Mathematik, Physik, Chemie, Biologie, Biochemie) und\/oder Deutsch und Englisch\u00a0&#8211; Fachliche Betreuung und F\u00f6rderung von Sch\u00fclern und Studenten\u00a0&#8211; Hausaufgabenbetreuung von j\u00fcngeren Sch\u00fclern- Unterst\u00fctzung von Klausurvorbereitungen \u00a0Ihr Profil:&#8211; abgeschlossenes Studium der [&hellip;]\" \/>\n<meta property=\"og:url\" content=\"https:\/\/sciences-in-frankfurt.de\/en\/stellenangebote\/\" \/>\n<meta property=\"og:site_name\" content=\"Sciences in Frankfurt\" \/>\n<meta property=\"article:modified_time\" content=\"2024-05-01T09:47:50+00:00\" \/>\n<meta property=\"og:image\" content=\"https:\/\/sciences-in-frankfurt.de\/wp-content\/uploads\/2023\/11\/skyline-4371513_640-Benutzerdefiniert.jpg\" \/>\n\t<meta property=\"og:image:width\" content=\"640\" \/>\n\t<meta property=\"og:image:height\" content=\"427\" \/>\n\t<meta property=\"og:image:type\" content=\"image\/jpeg\" \/>\n<meta name=\"twitter:card\" content=\"summary_large_image\" \/>\n<meta name=\"twitter:label1\" content=\"Est. reading time\" \/>\n\t<meta name=\"twitter:data1\" content=\"2 minutes\" \/>\n<script type=\"application\/ld+json\" class=\"yoast-schema-graph\">{\"@context\":\"https:\/\/schema.org\",\"@graph\":[{\"@type\":\"WebPage\",\"@id\":\"https:\/\/sciences-in-frankfurt.de\/stellenangebote\/\",\"url\":\"https:\/\/sciences-in-frankfurt.de\/stellenangebote\/\",\"name\":\"Stellenangebote - Sciences in Frankfurt\",\"isPartOf\":{\"@id\":\"https:\/\/sciences-in-frankfurt.de\/#website\"},\"datePublished\":\"2024-04-30T06:30:15+00:00\",\"dateModified\":\"2024-05-01T09:47:50+00:00\",\"breadcrumb\":{\"@id\":\"https:\/\/sciences-in-frankfurt.de\/stellenangebote\/#breadcrumb\"},\"inLanguage\":\"en-US\",\"potentialAction\":[{\"@type\":\"ReadAction\",\"target\":[\"https:\/\/sciences-in-frankfurt.de\/stellenangebote\/\"]}]},{\"@type\":\"BreadcrumbList\",\"@id\":\"https:\/\/sciences-in-frankfurt.de\/stellenangebote\/#breadcrumb\",\"itemListElement\":[{\"@type\":\"ListItem\",\"position\":1,\"name\":\"Startseite\",\"item\":\"https:\/\/sciences-in-frankfurt.de\/\"},{\"@type\":\"ListItem\",\"position\":2,\"name\":\"Stellenangebote\"}]},{\"@type\":\"WebSite\",\"@id\":\"https:\/\/sciences-in-frankfurt.de\/#website\",\"url\":\"https:\/\/sciences-in-frankfurt.de\/\",\"name\":\"Sciences in Frankfurt\",\"description\":\"Ihre Nachhilfe in Chemie, Biologie, Mathematik und Biochemie in Frankfurt am Main\",\"publisher\":{\"@id\":\"https:\/\/sciences-in-frankfurt.de\/#organization\"},\"alternateName\":\"Nachhilfe f\u00fcr Stunden und Sch\u00fcler in Frankfurt am Main\",\"potentialAction\":[{\"@type\":\"SearchAction\",\"target\":{\"@type\":\"EntryPoint\",\"urlTemplate\":\"https:\/\/sciences-in-frankfurt.de\/?s={search_term_string}\"},\"query-input\":{\"@type\":\"PropertyValueSpecification\",\"valueRequired\":true,\"valueName\":\"search_term_string\"}}],\"inLanguage\":\"en-US\"},{\"@type\":\"Organization\",\"@id\":\"https:\/\/sciences-in-frankfurt.de\/#organization\",\"name\":\"Sciences in Frankfurt\",\"alternateName\":\"Nachhilfe f\u00fcr Stundenten und Sch\u00fcler in Frankfurt\",\"url\":\"https:\/\/sciences-in-frankfurt.de\/\",\"logo\":{\"@type\":\"ImageObject\",\"inLanguage\":\"en-US\",\"@id\":\"https:\/\/sciences-in-frankfurt.de\/#\/schema\/logo\/image\/\",\"url\":\"https:\/\/sciences-in-frankfurt.de\/wp-content\/uploads\/2023\/11\/skyline-4371513_640-Benutzerdefiniert.jpg\",\"contentUrl\":\"https:\/\/sciences-in-frankfurt.de\/wp-content\/uploads\/2023\/11\/skyline-4371513_640-Benutzerdefiniert.jpg\",\"width\":640,\"height\":427,\"caption\":\"Sciences in Frankfurt\"},\"image\":{\"@id\":\"https:\/\/sciences-in-frankfurt.de\/#\/schema\/logo\/image\/\"}}]}<\/script>\n<!-- \/ Yoast SEO plugin. -->","yoast_head_json":{"title":"Stellenangebote - Sciences in Frankfurt","robots":{"index":"index","follow":"follow","max-snippet":"max-snippet:-1","max-image-preview":"max-image-preview:large","max-video-preview":"max-video-preview:-1"},"canonical":"https:\/\/sciences-in-frankfurt.de\/en\/stellenangebote\/","og_locale":"en_US","og_type":"article","og_title":"Stellenangebote - Sciences in Frankfurt","og_description":"Stellen&shy;angebote Lehrkr\u00e4fte (auf freiberuflicher Basis) f\u00fcr Naturwissenschaften, Englisch und Deutsch zur Erweiterung unseres privaten Nachhilfeteams gesucht! Ihre Aufgaben:&#8211; 1:1 on site und\/oder online Unterricht der Naturwissenschaften (Mathematik, Physik, Chemie, Biologie, Biochemie) und\/oder Deutsch und Englisch\u00a0&#8211; Fachliche Betreuung und F\u00f6rderung von Sch\u00fclern und Studenten\u00a0&#8211; Hausaufgabenbetreuung von j\u00fcngeren Sch\u00fclern- Unterst\u00fctzung von Klausurvorbereitungen \u00a0Ihr Profil:&#8211; abgeschlossenes Studium der [&hellip;]","og_url":"https:\/\/sciences-in-frankfurt.de\/en\/stellenangebote\/","og_site_name":"Sciences in Frankfurt","article_modified_time":"2024-05-01T09:47:50+00:00","og_image":[{"width":640,"height":427,"url":"https:\/\/sciences-in-frankfurt.de\/wp-content\/uploads\/2023\/11\/skyline-4371513_640-Benutzerdefiniert.jpg","type":"image\/jpeg"}],"twitter_card":"summary_large_image","twitter_misc":{"Est. reading time":"2 minutes"},"schema":{"@context":"https:\/\/schema.org","@graph":[{"@type":"WebPage","@id":"https:\/\/sciences-in-frankfurt.de\/stellenangebote\/","url":"https:\/\/sciences-in-frankfurt.de\/stellenangebote\/","name":"Stellenangebote - Sciences in Frankfurt","isPartOf":{"@id":"https:\/\/sciences-in-frankfurt.de\/#website"},"datePublished":"2024-04-30T06:30:15+00:00","dateModified":"2024-05-01T09:47:50+00:00","breadcrumb":{"@id":"https:\/\/sciences-in-frankfurt.de\/stellenangebote\/#breadcrumb"},"inLanguage":"en-US","potentialAction":[{"@type":"ReadAction","target":["https:\/\/sciences-in-frankfurt.de\/stellenangebote\/"]}]},{"@type":"BreadcrumbList","@id":"https:\/\/sciences-in-frankfurt.de\/stellenangebote\/#breadcrumb","itemListElement":[{"@type":"ListItem","position":1,"name":"Startseite","item":"https:\/\/sciences-in-frankfurt.de\/"},{"@type":"ListItem","position":2,"name":"Stellenangebote"}]},{"@type":"WebSite","@id":"https:\/\/sciences-in-frankfurt.de\/#website","url":"https:\/\/sciences-in-frankfurt.de\/","name":"Sciences in Frankfurt","description":"Ihre Nachhilfe in Chemie, Biologie, Mathematik und Biochemie in Frankfurt am Main","publisher":{"@id":"https:\/\/sciences-in-frankfurt.de\/#organization"},"alternateName":"Nachhilfe f\u00fcr Stunden und Sch\u00fcler in Frankfurt am Main","potentialAction":[{"@type":"SearchAction","target":{"@type":"EntryPoint","urlTemplate":"https:\/\/sciences-in-frankfurt.de\/?s={search_term_string}"},"query-input":{"@type":"PropertyValueSpecification","valueRequired":true,"valueName":"search_term_string"}}],"inLanguage":"en-US"},{"@type":"Organization","@id":"https:\/\/sciences-in-frankfurt.de\/#organization","name":"Sciences in Frankfurt","alternateName":"Nachhilfe f\u00fcr Stundenten und Sch\u00fcler in Frankfurt","url":"https:\/\/sciences-in-frankfurt.de\/","logo":{"@type":"ImageObject","inLanguage":"en-US","@id":"https:\/\/sciences-in-frankfurt.de\/#\/schema\/logo\/image\/","url":"https:\/\/sciences-in-frankfurt.de\/wp-content\/uploads\/2023\/11\/skyline-4371513_640-Benutzerdefiniert.jpg","contentUrl":"https:\/\/sciences-in-frankfurt.de\/wp-content\/uploads\/2023\/11\/skyline-4371513_640-Benutzerdefiniert.jpg","width":640,"height":427,"caption":"Sciences in Frankfurt"},"image":{"@id":"https:\/\/sciences-in-frankfurt.de\/#\/schema\/logo\/image\/"}}]}},"_links":{"self":[{"href":"https:\/\/sciences-in-frankfurt.de\/en\/wp-json\/wp\/v2\/pages\/1300","targetHints":{"allow":["GET"]}}],"collection":[{"href":"https:\/\/sciences-in-frankfurt.de\/en\/wp-json\/wp\/v2\/pages"}],"about":[{"href":"https:\/\/sciences-in-frankfurt.de\/en\/wp-json\/wp\/v2\/types\/page"}],"author":[{"embeddable":true,"href":"https:\/\/sciences-in-frankfurt.de\/en\/wp-json\/wp\/v2\/users\/2"}],"replies":[{"embeddable":true,"href":"https:\/\/sciences-in-frankfurt.de\/en\/wp-json\/wp\/v2\/comments?post=1300"}],"version-history":[{"count":49,"href":"https:\/\/sciences-in-frankfurt.de\/en\/wp-json\/wp\/v2\/pages\/1300\/revisions"}],"predecessor-version":[{"id":1352,"href":"https:\/\/sciences-in-frankfurt.de\/en\/wp-json\/wp\/v2\/pages\/1300\/revisions\/1352"}],"wp:attachment":[{"href":"https:\/\/sciences-in-frankfurt.de\/en\/wp-json\/wp\/v2\/media?parent=1300"}],"curies":[{"name":"wp","href":"https:\/\/api.w.org\/{rel}","templated":true}]}}