{"id":1069,"date":"2023-11-19T10:39:15","date_gmt":"2023-11-19T09:39:15","guid":{"rendered":"https:\/\/sciences-in-frankfurt.de\/?page_id=1069"},"modified":"2023-11-19T10:43:06","modified_gmt":"2023-11-19T09:43:06","slug":"nachhilfe-chemie","status":"publish","type":"page","link":"https:\/\/sciences-in-frankfurt.de\/en\/nachhilfe-chemie\/","title":{"rendered":"Nachhilfe-Chemie"},"content":{"rendered":"<div data-elementor-type=\"wp-page\" data-elementor-id=\"1069\" class=\"elementor elementor-1069\">\n\t\t\t\t<div class=\"elementor-element elementor-element-9010cd0 e-flex e-con-boxed e-con e-parent\" data-id=\"9010cd0\" data-element_type=\"container\" data-settings=\"{&quot;background_background&quot;:&quot;classic&quot;}\">\n\t\t\t\t\t<div class=\"e-con-inner\">\n\t\t<div class=\"elementor-element elementor-element-5a69cc7 e-con-full e-flex e-con e-child\" data-id=\"5a69cc7\" data-element_type=\"container\">\n\t\t\t\t<div class=\"elementor-element elementor-element-f184ec7 elementor-widget elementor-widget-heading\" data-id=\"f184ec7\" data-element_type=\"widget\" data-widget_type=\"heading.default\">\n\t\t\t\t<div class=\"elementor-widget-container\">\n\t\t\t\t\t<h1 class=\"elementor-heading-title elementor-size-default\">Chemistry tutoring\n<\/h1>\t\t\t\t<\/div>\n\t\t\t\t<\/div>\n\t\t\t\t<\/div>\n\t\t\t\t\t<\/div>\n\t\t\t\t<\/div>\n\t\t<div class=\"elementor-element elementor-element-0d2c53d e-flex e-con-boxed e-con e-parent\" data-id=\"0d2c53d\" data-element_type=\"container\">\n\t\t\t\t\t<div class=\"e-con-inner\">\n\t\t\t\t<div class=\"elementor-element elementor-element-754e597 elementor-widget elementor-widget-spacer\" data-id=\"754e597\" data-element_type=\"widget\" data-widget_type=\"spacer.default\">\n\t\t\t\t<div class=\"elementor-widget-container\">\n\t\t\t\t\t\t\t<div class=\"elementor-spacer\">\n\t\t\t<div class=\"elementor-spacer-inner\"><\/div>\n\t\t<\/div>\n\t\t\t\t\t\t<\/div>\n\t\t\t\t<\/div>\n\t\t\t\t<div class=\"elementor-element elementor-element-33141bd elementor-widget elementor-widget-heading\" data-id=\"33141bd\" data-element_type=\"widget\" data-widget_type=\"heading.default\">\n\t\t\t\t<div class=\"elementor-widget-container\">\n\t\t\t\t\t<h2 class=\"elementor-heading-title elementor-size-default\">Chemistry tutoring in Frankfurt am Main<\/h2>\t\t\t\t<\/div>\n\t\t\t\t<\/div>\n\t\t\t\t<div class=\"elementor-element elementor-element-0d2348d elementor-widget elementor-widget-text-editor\" data-id=\"0d2348d\" data-element_type=\"widget\" data-widget_type=\"text-editor.default\">\n\t\t\t\t<div class=\"elementor-widget-container\">\n\t\t\t\t\t\t\t\t\t<p>Chemistry is one of the most exciting natural science subjects. Chemistry is divided into inorganic and organic chemistry. Organic chemistry is the so-called chemistry of carbon: all biomolecules, whether sugars, fats, proteins and nucleic acids, are organic compounds. But objects from our everyday life are also mainly organic substances: all kinds of plastic (synthetics), wood, graphite and much more.<\/p><p class=\"translation-block\">The subject of chemistry at school provides a detailed insight into the structure of these molecules, how they are formed and their properties. Chemistry answers questions such as why road gritting helps to ensure that roads are not icy in winter; why substances are liquid, gaseous or solid at certain temperatures; why molecules can react with each other and create new substances; why burning wood generates heat and much more.\nAs with any natural science, the basics are essential for understanding chemistry. Most students with difficulties in chemistry that we have encountered have not mastered the basics. For example, if they do not understand the logic and information of the periodic table or cannot use the periodic table, it is impossible to understand and comprehend the chemistry of the Q phase.<\/p><p>In the E phase, the basics are taught that are considered to be present in the Q phase, on which one builds. If these basics are missing, for example if the students are unable to set up reaction equations, it becomes increasingly difficult for them to keep up in chemistry.<\/p><p>\u00a0<\/p>\t\t\t\t\t\t\t\t<\/div>\n\t\t\t\t<\/div>\n\t\t\t\t<div class=\"elementor-element elementor-element-df95090 elementor-widget elementor-widget-heading\" data-id=\"df95090\" data-element_type=\"widget\" data-widget_type=\"heading.default\">\n\t\t\t\t<div class=\"elementor-widget-container\">\n\t\t\t\t\t<h2 class=\"elementor-heading-title elementor-size-default\">Sciences in Frankfurt<\/h2>\t\t\t\t<\/div>\n\t\t\t\t<\/div>\n\t\t\t\t<div class=\"elementor-element elementor-element-7bc1ab3 elementor-widget elementor-widget-text-editor\" data-id=\"7bc1ab3\" data-element_type=\"widget\" data-widget_type=\"text-editor.default\">\n\t\t\t\t<div class=\"elementor-widget-container\">\n\t\t\t\t\t\t\t\t\t<div class=\"translation-block\">The <strong>Sciences team in Frankfurt<\/strong> provides chemistry tutoring to ensure that the basics are available and understood. The relevant content is then explained and practiced. Depending on the level, the necessary depth is taught so that the school requirements can be successfully met.<\/div><div>\u00a0<\/div><div>Do you live in the Main metropolis of Frankfurt and have chemistry as a basic or advanced course? We will be happy to accompany you through to your Abitur in chemistry and ensure that you pass your Abitur exams successfully.<\/div><div>\u00a0<\/div><div>Are you a student and have to pass chemistry exams? Did you drop chemistry in the 9th or 10th grade and feel like you're faced with a mountain of content and don't know where to start? We are happy to support you with tutoring in chemistry for doctors, biologists, teachers, sports scientists, nutritionists and engineers. We bring structure to your preparation and guide you through the content, clarify your questions and practise with you at exam level.<\/div><div>\u00a0<\/div><div>Sciences in Frankfurt supports you in chemistry in the Frankfurt am Main metropolitan region, one of Europe's most important financial centers. Our team will also accompany you in English if you attend one of the international schools in the Rhine-Main area. We are happy to come to your home, whether you live in Westend, Nordend, Bockenheim, Bornheim, Ostend, Niederursel, Eschersheim, H\u00f6chst, Niederrad, Sachenhausen, Schwannheim, Nied or R\u00f6delheim.<\/div>\t\t\t\t\t\t\t\t<\/div>\n\t\t\t\t<\/div>\n\t\t\t\t\t<\/div>\n\t\t\t\t<\/div>\n\t\t\t\t<section class=\"elementor-section elementor-top-section elementor-element elementor-element-20e4c02 elementor-section-boxed elementor-section-height-default elementor-section-height-default\" data-id=\"20e4c02\" data-element_type=\"section\" data-settings=\"{&quot;background_background&quot;:&quot;classic&quot;}\">\n\t\t\t\t\t\t\t<div class=\"elementor-background-overlay\"><\/div>\n\t\t\t\t\t\t\t<div class=\"elementor-container elementor-column-gap-no\">\n\t\t\t\t\t<div class=\"elementor-column elementor-col-100 elementor-top-column elementor-element elementor-element-c93b0b5\" data-id=\"c93b0b5\" data-element_type=\"column\">\n\t\t\t<div class=\"elementor-widget-wrap elementor-element-populated\">\n\t\t\t\t\t\t<div class=\"elementor-element elementor-element-baa6eb7 elementor-widget elementor-widget-image-box\" data-id=\"baa6eb7\" data-element_type=\"widget\" data-widget_type=\"image-box.default\">\n\t\t\t\t<div class=\"elementor-widget-container\">\n\t\t\t\t\t<div class=\"elementor-image-box-wrapper\"><div class=\"elementor-image-box-content\"><h2 class=\"elementor-image-box-title\">Contact<\/h2><p class=\"elementor-image-box-description\">Contact us and discuss your request with us. We will be happy to advise you free of charge by telephone.\n<\/br>\n<\/br>\n\nYour Sciences in Frankfurt team<\/p><\/div><\/div>\t\t\t\t<\/div>\n\t\t\t\t<\/div>\n\t\t\t\t<div class=\"elementor-element elementor-element-4097e49 elementor-align-center elementor-widget elementor-widget-button\" data-id=\"4097e49\" data-element_type=\"widget\" data-widget_type=\"button.default\">\n\t\t\t\t<div class=\"elementor-widget-container\">\n\t\t\t\t\t\t\t\t\t<div class=\"elementor-button-wrapper\">\n\t\t\t\t\t<a class=\"elementor-button elementor-button-link elementor-size-lg\" href=\"https:\/\/sciences-in-frankfurt.de\/en\/kontakt\/\">\n\t\t\t\t\t\t<span class=\"elementor-button-content-wrapper\">\n\t\t\t\t\t\t\t\t\t<span class=\"elementor-button-text\">Contact<\/span>\n\t\t\t\t\t<\/span>\n\t\t\t\t\t<\/a>\n\t\t\t\t<\/div>\n\t\t\t\t\t\t\t\t<\/div>\n\t\t\t\t<\/div>\n\t\t\t\t\t<\/div>\n\t\t<\/div>\n\t\t\t\t\t<\/div>\n\t\t<\/section>\n\t\t\t\t<\/div>","protected":false},"excerpt":{"rendered":"<p>Nachhilfe Chemie Chemie Nachhilfe in Frankfurt am Main Eins der spannendsten naturwissenschaftlichen F\u00e4cher ist Chemie. Chemie unterteilt sich in anorganischer und organischer Chemie. Die organische Chemie ist die sog. Chemie des Kohlenstoffs: Alle Biomolek\u00fcle, ob Zucker, Fette, Proteine und Nukleins\u00e4uren, sind organische Verbindungen. Aber auch Gegenst\u00e4nde aus unserem allt\u00e4glichen Leben sind haupts\u00e4chlich organische Substanzen: jegliche [&hellip;]<\/p>","protected":false},"author":1,"featured_media":0,"parent":0,"menu_order":0,"comment_status":"closed","ping_status":"closed","template":"","meta":{"site-sidebar-layout":"no-sidebar","site-content-layout":"page-builder","ast-site-content-layout":"","site-content-style":"default","site-sidebar-style":"default","ast-global-header-display":"","ast-banner-title-visibility":"","ast-main-header-display":"","ast-hfb-above-header-display":"","ast-hfb-below-header-display":"","ast-hfb-mobile-header-display":"","site-post-title":"disabled","ast-breadcrumbs-content":"","ast-featured-img":"","footer-sml-layout":"","theme-transparent-header-meta":"enabled","adv-header-id-meta":"","stick-header-meta":"","header-above-stick-meta":"","header-main-stick-meta":"","header-below-stick-meta":"","astra-migrate-meta-layouts":"default","ast-page-background-enabled":"default","ast-page-background-meta":{"desktop":{"background-color":"","background-image":"","background-repeat":"repeat","background-position":"center center","background-size":"auto","background-attachment":"scroll","background-type":"","background-media":"","overlay-type":"","overlay-color":"","overlay-opacity":"","overlay-gradient":""},"tablet":{"background-color":"","background-image":"","background-repeat":"repeat","background-position":"center center","background-size":"auto","background-attachment":"scroll","background-type":"","background-media":"","overlay-type":"","overlay-color":"","overlay-opacity":"","overlay-gradient":""},"mobile":{"background-color":"","background-image":"","background-repeat":"repeat","background-position":"center center","background-size":"auto","background-attachment":"scroll","background-type":"","background-media":"","overlay-type":"","overlay-color":"","overlay-opacity":"","overlay-gradient":""}},"ast-content-background-meta":{"desktop":{"background-color":"var(--ast-global-color-5)","background-image":"","background-repeat":"repeat","background-position":"center center","background-size":"auto","background-attachment":"scroll","background-type":"","background-media":"","overlay-type":"","overlay-color":"","overlay-opacity":"","overlay-gradient":""},"tablet":{"background-color":"var(--ast-global-color-5)","background-image":"","background-repeat":"repeat","background-position":"center center","background-size":"auto","background-attachment":"scroll","background-type":"","background-media":"","overlay-type":"","overlay-color":"","overlay-opacity":"","overlay-gradient":""},"mobile":{"background-color":"var(--ast-global-color-5)","background-image":"","background-repeat":"repeat","background-position":"center center","background-size":"auto","background-attachment":"scroll","background-type":"","background-media":"","overlay-type":"","overlay-color":"","overlay-opacity":"","overlay-gradient":""}},"footnotes":""},"class_list":["post-1069","page","type-page","status-publish","hentry"],"yoast_head":"<!-- This site is optimized with the Yoast SEO plugin v24.5 - https:\/\/yoast.com\/wordpress\/plugins\/seo\/ -->\n<title>Nachhilfe-Chemie - Sciences in Frankfurt<\/title>\n<meta name=\"robots\" content=\"index, follow, max-snippet:-1, max-image-preview:large, max-video-preview:-1\" \/>\n<link rel=\"canonical\" href=\"https:\/\/sciences-in-frankfurt.de\/en\/nachhilfe-chemie\/\" \/>\n<meta property=\"og:locale\" content=\"en_US\" \/>\n<meta property=\"og:type\" content=\"article\" \/>\n<meta property=\"og:title\" content=\"Nachhilfe-Chemie - Sciences in Frankfurt\" \/>\n<meta property=\"og:description\" content=\"Nachhilfe Chemie Chemie Nachhilfe in Frankfurt am Main Eins der spannendsten naturwissenschaftlichen F\u00e4cher ist Chemie. Chemie unterteilt sich in anorganischer und organischer Chemie. Die organische Chemie ist die sog. Chemie des Kohlenstoffs: Alle Biomolek\u00fcle, ob Zucker, Fette, Proteine und Nukleins\u00e4uren, sind organische Verbindungen. Aber auch Gegenst\u00e4nde aus unserem allt\u00e4glichen Leben sind haupts\u00e4chlich organische Substanzen: jegliche [&hellip;]\" \/>\n<meta property=\"og:url\" content=\"https:\/\/sciences-in-frankfurt.de\/en\/nachhilfe-chemie\/\" \/>\n<meta property=\"og:site_name\" content=\"Sciences in Frankfurt\" \/>\n<meta property=\"article:modified_time\" content=\"2023-11-19T09:43:06+00:00\" \/>\n<meta property=\"og:image\" content=\"https:\/\/sciences-in-frankfurt.de\/wp-content\/uploads\/2023\/11\/skyline-4371513_640-Benutzerdefiniert.jpg\" \/>\n\t<meta property=\"og:image:width\" content=\"640\" \/>\n\t<meta property=\"og:image:height\" content=\"427\" \/>\n\t<meta property=\"og:image:type\" content=\"image\/jpeg\" \/>\n<meta name=\"twitter:card\" content=\"summary_large_image\" \/>\n<meta name=\"twitter:label1\" content=\"Est. reading time\" \/>\n\t<meta name=\"twitter:data1\" content=\"1 minute\" \/>\n<script type=\"application\/ld+json\" class=\"yoast-schema-graph\">{\"@context\":\"https:\/\/schema.org\",\"@graph\":[{\"@type\":\"WebPage\",\"@id\":\"https:\/\/sciences-in-frankfurt.de\/en\/nachhilfe-chemie\/\",\"url\":\"https:\/\/sciences-in-frankfurt.de\/en\/nachhilfe-chemie\/\",\"name\":\"Nachhilfe-Chemie - Sciences in Frankfurt\",\"isPartOf\":{\"@id\":\"https:\/\/sciences-in-frankfurt.de\/#website\"},\"datePublished\":\"2023-11-19T09:39:15+00:00\",\"dateModified\":\"2023-11-19T09:43:06+00:00\",\"breadcrumb\":{\"@id\":\"https:\/\/sciences-in-frankfurt.de\/en\/nachhilfe-chemie\/#breadcrumb\"},\"inLanguage\":\"en-US\",\"potentialAction\":[{\"@type\":\"ReadAction\",\"target\":[\"https:\/\/sciences-in-frankfurt.de\/en\/nachhilfe-chemie\/\"]}]},{\"@type\":\"BreadcrumbList\",\"@id\":\"https:\/\/sciences-in-frankfurt.de\/en\/nachhilfe-chemie\/#breadcrumb\",\"itemListElement\":[{\"@type\":\"ListItem\",\"position\":1,\"name\":\"Startseite\",\"item\":\"https:\/\/sciences-in-frankfurt.de\/\"},{\"@type\":\"ListItem\",\"position\":2,\"name\":\"Nachhilfe-Chemie\"}]},{\"@type\":\"WebSite\",\"@id\":\"https:\/\/sciences-in-frankfurt.de\/#website\",\"url\":\"https:\/\/sciences-in-frankfurt.de\/\",\"name\":\"Sciences in Frankfurt\",\"description\":\"Ihre Nachhilfe in Chemie, Biologie, Mathematik und Biochemie in Frankfurt am Main\",\"publisher\":{\"@id\":\"https:\/\/sciences-in-frankfurt.de\/#organization\"},\"alternateName\":\"Nachhilfe f\u00fcr Stunden und Sch\u00fcler in Frankfurt am Main\",\"potentialAction\":[{\"@type\":\"SearchAction\",\"target\":{\"@type\":\"EntryPoint\",\"urlTemplate\":\"https:\/\/sciences-in-frankfurt.de\/?s={search_term_string}\"},\"query-input\":{\"@type\":\"PropertyValueSpecification\",\"valueRequired\":true,\"valueName\":\"search_term_string\"}}],\"inLanguage\":\"en-US\"},{\"@type\":\"Organization\",\"@id\":\"https:\/\/sciences-in-frankfurt.de\/#organization\",\"name\":\"Sciences in Frankfurt\",\"alternateName\":\"Nachhilfe f\u00fcr Stundenten und Sch\u00fcler in Frankfurt\",\"url\":\"https:\/\/sciences-in-frankfurt.de\/\",\"logo\":{\"@type\":\"ImageObject\",\"inLanguage\":\"en-US\",\"@id\":\"https:\/\/sciences-in-frankfurt.de\/#\/schema\/logo\/image\/\",\"url\":\"https:\/\/sciences-in-frankfurt.de\/wp-content\/uploads\/2023\/11\/skyline-4371513_640-Benutzerdefiniert.jpg\",\"contentUrl\":\"https:\/\/sciences-in-frankfurt.de\/wp-content\/uploads\/2023\/11\/skyline-4371513_640-Benutzerdefiniert.jpg\",\"width\":640,\"height\":427,\"caption\":\"Sciences in Frankfurt\"},\"image\":{\"@id\":\"https:\/\/sciences-in-frankfurt.de\/#\/schema\/logo\/image\/\"}}]}<\/script>\n<!-- \/ Yoast SEO plugin. -->","yoast_head_json":{"title":"Nachhilfe-Chemie - Sciences in Frankfurt","robots":{"index":"index","follow":"follow","max-snippet":"max-snippet:-1","max-image-preview":"max-image-preview:large","max-video-preview":"max-video-preview:-1"},"canonical":"https:\/\/sciences-in-frankfurt.de\/en\/nachhilfe-chemie\/","og_locale":"en_US","og_type":"article","og_title":"Nachhilfe-Chemie - Sciences in Frankfurt","og_description":"Nachhilfe Chemie Chemie Nachhilfe in Frankfurt am Main Eins der spannendsten naturwissenschaftlichen F\u00e4cher ist Chemie. Chemie unterteilt sich in anorganischer und organischer Chemie. Die organische Chemie ist die sog. Chemie des Kohlenstoffs: Alle Biomolek\u00fcle, ob Zucker, Fette, Proteine und Nukleins\u00e4uren, sind organische Verbindungen. Aber auch Gegenst\u00e4nde aus unserem allt\u00e4glichen Leben sind haupts\u00e4chlich organische Substanzen: jegliche [&hellip;]","og_url":"https:\/\/sciences-in-frankfurt.de\/en\/nachhilfe-chemie\/","og_site_name":"Sciences in Frankfurt","article_modified_time":"2023-11-19T09:43:06+00:00","og_image":[{"width":640,"height":427,"url":"https:\/\/sciences-in-frankfurt.de\/wp-content\/uploads\/2023\/11\/skyline-4371513_640-Benutzerdefiniert.jpg","type":"image\/jpeg"}],"twitter_card":"summary_large_image","twitter_misc":{"Est. reading time":"1 minute"},"schema":{"@context":"https:\/\/schema.org","@graph":[{"@type":"WebPage","@id":"https:\/\/sciences-in-frankfurt.de\/en\/nachhilfe-chemie\/","url":"https:\/\/sciences-in-frankfurt.de\/en\/nachhilfe-chemie\/","name":"Nachhilfe-Chemie - Sciences in Frankfurt","isPartOf":{"@id":"https:\/\/sciences-in-frankfurt.de\/#website"},"datePublished":"2023-11-19T09:39:15+00:00","dateModified":"2023-11-19T09:43:06+00:00","breadcrumb":{"@id":"https:\/\/sciences-in-frankfurt.de\/en\/nachhilfe-chemie\/#breadcrumb"},"inLanguage":"en-US","potentialAction":[{"@type":"ReadAction","target":["https:\/\/sciences-in-frankfurt.de\/en\/nachhilfe-chemie\/"]}]},{"@type":"BreadcrumbList","@id":"https:\/\/sciences-in-frankfurt.de\/en\/nachhilfe-chemie\/#breadcrumb","itemListElement":[{"@type":"ListItem","position":1,"name":"Startseite","item":"https:\/\/sciences-in-frankfurt.de\/"},{"@type":"ListItem","position":2,"name":"Nachhilfe-Chemie"}]},{"@type":"WebSite","@id":"https:\/\/sciences-in-frankfurt.de\/#website","url":"https:\/\/sciences-in-frankfurt.de\/","name":"Sciences in Frankfurt","description":"Ihre Nachhilfe in Chemie, Biologie, Mathematik und Biochemie in Frankfurt am Main","publisher":{"@id":"https:\/\/sciences-in-frankfurt.de\/#organization"},"alternateName":"Nachhilfe f\u00fcr Stunden und Sch\u00fcler in Frankfurt am Main","potentialAction":[{"@type":"SearchAction","target":{"@type":"EntryPoint","urlTemplate":"https:\/\/sciences-in-frankfurt.de\/?s={search_term_string}"},"query-input":{"@type":"PropertyValueSpecification","valueRequired":true,"valueName":"search_term_string"}}],"inLanguage":"en-US"},{"@type":"Organization","@id":"https:\/\/sciences-in-frankfurt.de\/#organization","name":"Sciences in Frankfurt","alternateName":"Nachhilfe f\u00fcr Stundenten und Sch\u00fcler in Frankfurt","url":"https:\/\/sciences-in-frankfurt.de\/","logo":{"@type":"ImageObject","inLanguage":"en-US","@id":"https:\/\/sciences-in-frankfurt.de\/#\/schema\/logo\/image\/","url":"https:\/\/sciences-in-frankfurt.de\/wp-content\/uploads\/2023\/11\/skyline-4371513_640-Benutzerdefiniert.jpg","contentUrl":"https:\/\/sciences-in-frankfurt.de\/wp-content\/uploads\/2023\/11\/skyline-4371513_640-Benutzerdefiniert.jpg","width":640,"height":427,"caption":"Sciences in Frankfurt"},"image":{"@id":"https:\/\/sciences-in-frankfurt.de\/#\/schema\/logo\/image\/"}}]}},"_links":{"self":[{"href":"https:\/\/sciences-in-frankfurt.de\/en\/wp-json\/wp\/v2\/pages\/1069","targetHints":{"allow":["GET"]}}],"collection":[{"href":"https:\/\/sciences-in-frankfurt.de\/en\/wp-json\/wp\/v2\/pages"}],"about":[{"href":"https:\/\/sciences-in-frankfurt.de\/en\/wp-json\/wp\/v2\/types\/page"}],"author":[{"embeddable":true,"href":"https:\/\/sciences-in-frankfurt.de\/en\/wp-json\/wp\/v2\/users\/1"}],"replies":[{"embeddable":true,"href":"https:\/\/sciences-in-frankfurt.de\/en\/wp-json\/wp\/v2\/comments?post=1069"}],"version-history":[{"count":7,"href":"https:\/\/sciences-in-frankfurt.de\/en\/wp-json\/wp\/v2\/pages\/1069\/revisions"}],"predecessor-version":[{"id":1076,"href":"https:\/\/sciences-in-frankfurt.de\/en\/wp-json\/wp\/v2\/pages\/1069\/revisions\/1076"}],"wp:attachment":[{"href":"https:\/\/sciences-in-frankfurt.de\/en\/wp-json\/wp\/v2\/media?parent=1069"}],"curies":[{"name":"wp","href":"https:\/\/api.w.org\/{rel}","templated":true}]}}