{"id":1052,"date":"2023-11-19T10:31:45","date_gmt":"2023-11-19T09:31:45","guid":{"rendered":"https:\/\/sciences-in-frankfurt.de\/?page_id=1052"},"modified":"2023-11-19T10:37:21","modified_gmt":"2023-11-19T09:37:21","slug":"nachhilfe-biologie","status":"publish","type":"page","link":"https:\/\/sciences-in-frankfurt.de\/en\/nachhilfe-biologie\/","title":{"rendered":"Nachhilfe-Biologie"},"content":{"rendered":"<div data-elementor-type=\"wp-page\" data-elementor-id=\"1052\" class=\"elementor elementor-1052\">\n\t\t\t\t<div class=\"elementor-element elementor-element-9010cd0 e-flex e-con-boxed e-con e-parent\" data-id=\"9010cd0\" data-element_type=\"container\" data-settings=\"{&quot;background_background&quot;:&quot;classic&quot;}\">\n\t\t\t\t\t<div class=\"e-con-inner\">\n\t\t<div class=\"elementor-element elementor-element-5a69cc7 e-con-full e-flex e-con e-child\" data-id=\"5a69cc7\" data-element_type=\"container\">\n\t\t\t\t<div class=\"elementor-element elementor-element-f184ec7 elementor-widget elementor-widget-heading\" data-id=\"f184ec7\" data-element_type=\"widget\" data-widget_type=\"heading.default\">\n\t\t\t\t<div class=\"elementor-widget-container\">\n\t\t\t\t\t<h1 class=\"elementor-heading-title elementor-size-default\">Biology tutoring\n<\/h1>\t\t\t\t<\/div>\n\t\t\t\t<\/div>\n\t\t\t\t<\/div>\n\t\t\t\t\t<\/div>\n\t\t\t\t<\/div>\n\t\t<div class=\"elementor-element elementor-element-0d2c53d e-flex e-con-boxed e-con e-parent\" data-id=\"0d2c53d\" data-element_type=\"container\">\n\t\t\t\t\t<div class=\"e-con-inner\">\n\t\t\t\t<div class=\"elementor-element elementor-element-754e597 elementor-widget elementor-widget-spacer\" data-id=\"754e597\" data-element_type=\"widget\" data-widget_type=\"spacer.default\">\n\t\t\t\t<div class=\"elementor-widget-container\">\n\t\t\t\t\t\t\t<div class=\"elementor-spacer\">\n\t\t\t<div class=\"elementor-spacer-inner\"><\/div>\n\t\t<\/div>\n\t\t\t\t\t\t<\/div>\n\t\t\t\t<\/div>\n\t\t\t\t<div class=\"elementor-element elementor-element-33141bd elementor-widget elementor-widget-heading\" data-id=\"33141bd\" data-element_type=\"widget\" data-widget_type=\"heading.default\">\n\t\t\t\t<div class=\"elementor-widget-container\">\n\t\t\t\t\t<h2 class=\"elementor-heading-title elementor-size-default\">Biology tutoring in Frankfurt am Main<\/h2>\t\t\t\t<\/div>\n\t\t\t\t<\/div>\n\t\t\t\t<div class=\"elementor-element elementor-element-0d2348d elementor-widget elementor-widget-text-editor\" data-id=\"0d2348d\" data-element_type=\"widget\" data-widget_type=\"text-editor.default\">\n\t\t\t\t<div class=\"elementor-widget-container\">\n\t\t\t\t\t\t\t\t\t<p class=\"translation-block\">Biology is a very exciting subject that pupils can choose without necessarily wanting to study science or medicine.\nWhat do you need to be successful in basic or advanced biology?\nYou should first understand biology. Without understanding the context, students cannot understand or memorize details. After understanding the content comes memorization. Since biology mainly involves describing and analyzing processes, these must be learned by heart.<\/p>\t\t\t\t\t\t\t\t<\/div>\n\t\t\t\t<\/div>\n\t\t\t\t<div class=\"elementor-element elementor-element-df95090 elementor-widget elementor-widget-heading\" data-id=\"df95090\" data-element_type=\"widget\" data-widget_type=\"heading.default\">\n\t\t\t\t<div class=\"elementor-widget-container\">\n\t\t\t\t\t<h2 class=\"elementor-heading-title elementor-size-default\">How are Abitur exams in biology structured?<\/h2>\t\t\t\t<\/div>\n\t\t\t\t<\/div>\n\t\t\t\t<div class=\"elementor-element elementor-element-7bc1ab3 elementor-widget elementor-widget-text-editor\" data-id=\"7bc1ab3\" data-element_type=\"widget\" data-widget_type=\"text-editor.default\">\n\t\t\t\t<div class=\"elementor-widget-container\">\n\t\t\t\t\t\t\t\t\t<p class=\"translation-block\">The Abitur tasks usually require you to describe a process first: these are \"safe\" points if you have memorized the content.\nNext, illustrations must be described and interpreted. Technical terms are required for this and assessed accordingly: If the language used is too simple and without technical terms, you lose points.<\/p><p><br \/><strong>How do I learn to use technical terms?<\/strong><br \/>There is only one way: through memorization. Memorizing seems annoying and pointless at first, but it is the basis for gaining the necessary maturity in the subject. The concepts are repeated, the connections become clearer and you begin to master the subject of biology.<\/p><p>The third part of the biology Abitur tasks are usually transfer tasks. Such tasks can only be answered correctly and completely if you have mastered the topics. Simply having understood the topics or having memorized the topics does not necessarily lead to the desired goal.<\/p>\t\t\t\t\t\t\t\t<\/div>\n\t\t\t\t<\/div>\n\t\t\t\t<div class=\"elementor-element elementor-element-95531b0 elementor-widget elementor-widget-heading\" data-id=\"95531b0\" data-element_type=\"widget\" data-widget_type=\"heading.default\">\n\t\t\t\t<div class=\"elementor-widget-container\">\n\t\t\t\t\t<h2 class=\"elementor-heading-title elementor-size-default\">To summarize: The sequence for learning biology is:<\/h2>\t\t\t\t<\/div>\n\t\t\t\t<\/div>\n\t\t\t\t<div class=\"elementor-element elementor-element-cf3b448 elementor-widget elementor-widget-text-editor\" data-id=\"cf3b448\" data-element_type=\"widget\" data-widget_type=\"text-editor.default\">\n\t\t\t\t<div class=\"elementor-widget-container\">\n\t\t\t\t\t\t\t\t\t<ul><li>1. understand content<\/li><li>2. memorize content<\/li><li>3. understand connections<\/li><li>4. be able to apply content<\/li><\/ul>\t\t\t\t\t\t\t\t<\/div>\n\t\t\t\t<\/div>\n\t\t\t\t<div class=\"elementor-element elementor-element-903def8 elementor-widget elementor-widget-heading\" data-id=\"903def8\" data-element_type=\"widget\" data-widget_type=\"heading.default\">\n\t\t\t\t<div class=\"elementor-widget-container\">\n\t\t\t\t\t<h2 class=\"elementor-heading-title elementor-size-default\">What does Sciences do in Frankfurt in biology tutoring?<\/h2>\t\t\t\t<\/div>\n\t\t\t\t<\/div>\n\t\t\t\t<div class=\"elementor-element elementor-element-d6bbd24 elementor-widget elementor-widget-text-editor\" data-id=\"d6bbd24\" data-element_type=\"widget\" data-widget_type=\"text-editor.default\">\n\t\t\t\t<div class=\"elementor-widget-container\">\n\t\t\t\t\t\t\t\t\t<div>We coach you through these 4 stages and ensure that all the necessary content has been understood and can be applied. As soon as you have acquired the relevant know-how, we will practise old exam tasks with you and explain to you what to look out for, which points to address and how, how to describe illustrations and processes and how to approach transfer tasks.<\/div><div>\u00a0<\/div>\t\t\t\t\t\t\t\t<\/div>\n\t\t\t\t<\/div>\n\t\t\t\t\t<\/div>\n\t\t\t\t<\/div>\n\t\t\t\t<section class=\"elementor-section elementor-top-section elementor-element elementor-element-20e4c02 elementor-section-boxed elementor-section-height-default elementor-section-height-default\" data-id=\"20e4c02\" data-element_type=\"section\" data-settings=\"{&quot;background_background&quot;:&quot;classic&quot;}\">\n\t\t\t\t\t\t\t<div class=\"elementor-background-overlay\"><\/div>\n\t\t\t\t\t\t\t<div class=\"elementor-container elementor-column-gap-no\">\n\t\t\t\t\t<div class=\"elementor-column elementor-col-100 elementor-top-column elementor-element elementor-element-c93b0b5\" data-id=\"c93b0b5\" data-element_type=\"column\">\n\t\t\t<div class=\"elementor-widget-wrap elementor-element-populated\">\n\t\t\t\t\t\t<div class=\"elementor-element elementor-element-baa6eb7 elementor-widget elementor-widget-image-box\" data-id=\"baa6eb7\" data-element_type=\"widget\" data-widget_type=\"image-box.default\">\n\t\t\t\t<div class=\"elementor-widget-container\">\n\t\t\t\t\t<div class=\"elementor-image-box-wrapper\"><div class=\"elementor-image-box-content\"><h2 class=\"elementor-image-box-title\">Contact<\/h2><p class=\"elementor-image-box-description\">Contact us and discuss your request with us. We will be happy to advise you free of charge by telephone.\n<\/br>\n<\/br>\n\nYour Sciences in Frankfurt team<\/p><\/div><\/div>\t\t\t\t<\/div>\n\t\t\t\t<\/div>\n\t\t\t\t<div class=\"elementor-element elementor-element-4097e49 elementor-align-center elementor-widget elementor-widget-button\" data-id=\"4097e49\" data-element_type=\"widget\" data-widget_type=\"button.default\">\n\t\t\t\t<div class=\"elementor-widget-container\">\n\t\t\t\t\t\t\t\t\t<div class=\"elementor-button-wrapper\">\n\t\t\t\t\t<a class=\"elementor-button elementor-button-link elementor-size-lg\" href=\"https:\/\/sciences-in-frankfurt.de\/en\/kontakt\/\">\n\t\t\t\t\t\t<span class=\"elementor-button-content-wrapper\">\n\t\t\t\t\t\t\t\t\t<span class=\"elementor-button-text\">Contact<\/span>\n\t\t\t\t\t<\/span>\n\t\t\t\t\t<\/a>\n\t\t\t\t<\/div>\n\t\t\t\t\t\t\t\t<\/div>\n\t\t\t\t<\/div>\n\t\t\t\t\t<\/div>\n\t\t<\/div>\n\t\t\t\t\t<\/div>\n\t\t<\/section>\n\t\t\t\t<\/div>","protected":false},"excerpt":{"rendered":"<p>Nachhilfe Biologie Biologie Nachhilfe in Frankfurt am Main Biologie ist ein sehr spannendes Fach, was Sch\u00fcler w\u00e4hlen k\u00f6nnen, ohne unbedingt Naturwissenschaften oder Medizin studieren zu wollen.Was braucht man, um erfolgreich im Biologie Grund- oder Leistungskurs zu sein?Biologie sollte man zun\u00e4chst verstehen. Ohne die Zusammenh\u00e4nge verstanden zu haben, k\u00f6nnen Sch\u00fcler auch keine Details verstehen oder sich [&hellip;]<\/p>","protected":false},"author":1,"featured_media":0,"parent":0,"menu_order":0,"comment_status":"closed","ping_status":"closed","template":"","meta":{"site-sidebar-layout":"no-sidebar","site-content-layout":"page-builder","ast-site-content-layout":"","site-content-style":"default","site-sidebar-style":"default","ast-global-header-display":"","ast-banner-title-visibility":"","ast-main-header-display":"","ast-hfb-above-header-display":"","ast-hfb-below-header-display":"","ast-hfb-mobile-header-display":"","site-post-title":"disabled","ast-breadcrumbs-content":"","ast-featured-img":"","footer-sml-layout":"","theme-transparent-header-meta":"enabled","adv-header-id-meta":"","stick-header-meta":"","header-above-stick-meta":"","header-main-stick-meta":"","header-below-stick-meta":"","astra-migrate-meta-layouts":"default","ast-page-background-enabled":"default","ast-page-background-meta":{"desktop":{"background-color":"","background-image":"","background-repeat":"repeat","background-position":"center center","background-size":"auto","background-attachment":"scroll","background-type":"","background-media":"","overlay-type":"","overlay-color":"","overlay-opacity":"","overlay-gradient":""},"tablet":{"background-color":"","background-image":"","background-repeat":"repeat","background-position":"center center","background-size":"auto","background-attachment":"scroll","background-type":"","background-media":"","overlay-type":"","overlay-color":"","overlay-opacity":"","overlay-gradient":""},"mobile":{"background-color":"","background-image":"","background-repeat":"repeat","background-position":"center center","background-size":"auto","background-attachment":"scroll","background-type":"","background-media":"","overlay-type":"","overlay-color":"","overlay-opacity":"","overlay-gradient":""}},"ast-content-background-meta":{"desktop":{"background-color":"var(--ast-global-color-5)","background-image":"","background-repeat":"repeat","background-position":"center center","background-size":"auto","background-attachment":"scroll","background-type":"","background-media":"","overlay-type":"","overlay-color":"","overlay-opacity":"","overlay-gradient":""},"tablet":{"background-color":"var(--ast-global-color-5)","background-image":"","background-repeat":"repeat","background-position":"center center","background-size":"auto","background-attachment":"scroll","background-type":"","background-media":"","overlay-type":"","overlay-color":"","overlay-opacity":"","overlay-gradient":""},"mobile":{"background-color":"var(--ast-global-color-5)","background-image":"","background-repeat":"repeat","background-position":"center center","background-size":"auto","background-attachment":"scroll","background-type":"","background-media":"","overlay-type":"","overlay-color":"","overlay-opacity":"","overlay-gradient":""}},"footnotes":""},"class_list":["post-1052","page","type-page","status-publish","hentry"],"yoast_head":"<!-- This site is optimized with the Yoast SEO plugin v24.5 - https:\/\/yoast.com\/wordpress\/plugins\/seo\/ -->\n<title>Nachhilfe-Biologie - Sciences in Frankfurt<\/title>\n<meta name=\"robots\" content=\"index, follow, max-snippet:-1, max-image-preview:large, max-video-preview:-1\" \/>\n<link rel=\"canonical\" href=\"https:\/\/sciences-in-frankfurt.de\/en\/nachhilfe-biologie\/\" \/>\n<meta property=\"og:locale\" content=\"en_US\" \/>\n<meta property=\"og:type\" content=\"article\" \/>\n<meta property=\"og:title\" content=\"Nachhilfe-Biologie - Sciences in Frankfurt\" \/>\n<meta property=\"og:description\" content=\"Nachhilfe Biologie Biologie Nachhilfe in Frankfurt am Main Biologie ist ein sehr spannendes Fach, was Sch\u00fcler w\u00e4hlen k\u00f6nnen, ohne unbedingt Naturwissenschaften oder Medizin studieren zu wollen.Was braucht man, um erfolgreich im Biologie Grund- oder Leistungskurs zu sein?Biologie sollte man zun\u00e4chst verstehen. Ohne die Zusammenh\u00e4nge verstanden zu haben, k\u00f6nnen Sch\u00fcler auch keine Details verstehen oder sich [&hellip;]\" \/>\n<meta property=\"og:url\" content=\"https:\/\/sciences-in-frankfurt.de\/en\/nachhilfe-biologie\/\" \/>\n<meta property=\"og:site_name\" content=\"Sciences in Frankfurt\" \/>\n<meta property=\"article:modified_time\" content=\"2023-11-19T09:37:21+00:00\" \/>\n<meta property=\"og:image\" content=\"https:\/\/sciences-in-frankfurt.de\/wp-content\/uploads\/2023\/11\/skyline-4371513_640-Benutzerdefiniert.jpg\" \/>\n\t<meta property=\"og:image:width\" content=\"640\" \/>\n\t<meta property=\"og:image:height\" content=\"427\" \/>\n\t<meta property=\"og:image:type\" content=\"image\/jpeg\" \/>\n<meta name=\"twitter:card\" content=\"summary_large_image\" \/>\n<meta name=\"twitter:label1\" content=\"Est. reading time\" \/>\n\t<meta name=\"twitter:data1\" content=\"1 minute\" \/>\n<script type=\"application\/ld+json\" class=\"yoast-schema-graph\">{\"@context\":\"https:\/\/schema.org\",\"@graph\":[{\"@type\":\"WebPage\",\"@id\":\"https:\/\/sciences-in-frankfurt.de\/en\/nachhilfe-biologie\/\",\"url\":\"https:\/\/sciences-in-frankfurt.de\/en\/nachhilfe-biologie\/\",\"name\":\"Nachhilfe-Biologie - Sciences in Frankfurt\",\"isPartOf\":{\"@id\":\"https:\/\/sciences-in-frankfurt.de\/#website\"},\"datePublished\":\"2023-11-19T09:31:45+00:00\",\"dateModified\":\"2023-11-19T09:37:21+00:00\",\"breadcrumb\":{\"@id\":\"https:\/\/sciences-in-frankfurt.de\/en\/nachhilfe-biologie\/#breadcrumb\"},\"inLanguage\":\"en-US\",\"potentialAction\":[{\"@type\":\"ReadAction\",\"target\":[\"https:\/\/sciences-in-frankfurt.de\/en\/nachhilfe-biologie\/\"]}]},{\"@type\":\"BreadcrumbList\",\"@id\":\"https:\/\/sciences-in-frankfurt.de\/en\/nachhilfe-biologie\/#breadcrumb\",\"itemListElement\":[{\"@type\":\"ListItem\",\"position\":1,\"name\":\"Startseite\",\"item\":\"https:\/\/sciences-in-frankfurt.de\/\"},{\"@type\":\"ListItem\",\"position\":2,\"name\":\"Nachhilfe-Biologie\"}]},{\"@type\":\"WebSite\",\"@id\":\"https:\/\/sciences-in-frankfurt.de\/#website\",\"url\":\"https:\/\/sciences-in-frankfurt.de\/\",\"name\":\"Sciences in Frankfurt\",\"description\":\"Ihre Nachhilfe in Chemie, Biologie, Mathematik und Biochemie in Frankfurt am Main\",\"publisher\":{\"@id\":\"https:\/\/sciences-in-frankfurt.de\/#organization\"},\"alternateName\":\"Nachhilfe f\u00fcr Stunden und Sch\u00fcler in Frankfurt am Main\",\"potentialAction\":[{\"@type\":\"SearchAction\",\"target\":{\"@type\":\"EntryPoint\",\"urlTemplate\":\"https:\/\/sciences-in-frankfurt.de\/?s={search_term_string}\"},\"query-input\":{\"@type\":\"PropertyValueSpecification\",\"valueRequired\":true,\"valueName\":\"search_term_string\"}}],\"inLanguage\":\"en-US\"},{\"@type\":\"Organization\",\"@id\":\"https:\/\/sciences-in-frankfurt.de\/#organization\",\"name\":\"Sciences in Frankfurt\",\"alternateName\":\"Nachhilfe f\u00fcr Stundenten und Sch\u00fcler in Frankfurt\",\"url\":\"https:\/\/sciences-in-frankfurt.de\/\",\"logo\":{\"@type\":\"ImageObject\",\"inLanguage\":\"en-US\",\"@id\":\"https:\/\/sciences-in-frankfurt.de\/#\/schema\/logo\/image\/\",\"url\":\"https:\/\/sciences-in-frankfurt.de\/wp-content\/uploads\/2023\/11\/skyline-4371513_640-Benutzerdefiniert.jpg\",\"contentUrl\":\"https:\/\/sciences-in-frankfurt.de\/wp-content\/uploads\/2023\/11\/skyline-4371513_640-Benutzerdefiniert.jpg\",\"width\":640,\"height\":427,\"caption\":\"Sciences in Frankfurt\"},\"image\":{\"@id\":\"https:\/\/sciences-in-frankfurt.de\/#\/schema\/logo\/image\/\"}}]}<\/script>\n<!-- \/ Yoast SEO plugin. -->","yoast_head_json":{"title":"Nachhilfe-Biologie - Sciences in Frankfurt","robots":{"index":"index","follow":"follow","max-snippet":"max-snippet:-1","max-image-preview":"max-image-preview:large","max-video-preview":"max-video-preview:-1"},"canonical":"https:\/\/sciences-in-frankfurt.de\/en\/nachhilfe-biologie\/","og_locale":"en_US","og_type":"article","og_title":"Nachhilfe-Biologie - Sciences in Frankfurt","og_description":"Nachhilfe Biologie Biologie Nachhilfe in Frankfurt am Main Biologie ist ein sehr spannendes Fach, was Sch\u00fcler w\u00e4hlen k\u00f6nnen, ohne unbedingt Naturwissenschaften oder Medizin studieren zu wollen.Was braucht man, um erfolgreich im Biologie Grund- oder Leistungskurs zu sein?Biologie sollte man zun\u00e4chst verstehen. Ohne die Zusammenh\u00e4nge verstanden zu haben, k\u00f6nnen Sch\u00fcler auch keine Details verstehen oder sich [&hellip;]","og_url":"https:\/\/sciences-in-frankfurt.de\/en\/nachhilfe-biologie\/","og_site_name":"Sciences in Frankfurt","article_modified_time":"2023-11-19T09:37:21+00:00","og_image":[{"width":640,"height":427,"url":"https:\/\/sciences-in-frankfurt.de\/wp-content\/uploads\/2023\/11\/skyline-4371513_640-Benutzerdefiniert.jpg","type":"image\/jpeg"}],"twitter_card":"summary_large_image","twitter_misc":{"Est. reading time":"1 minute"},"schema":{"@context":"https:\/\/schema.org","@graph":[{"@type":"WebPage","@id":"https:\/\/sciences-in-frankfurt.de\/en\/nachhilfe-biologie\/","url":"https:\/\/sciences-in-frankfurt.de\/en\/nachhilfe-biologie\/","name":"Nachhilfe-Biologie - Sciences in Frankfurt","isPartOf":{"@id":"https:\/\/sciences-in-frankfurt.de\/#website"},"datePublished":"2023-11-19T09:31:45+00:00","dateModified":"2023-11-19T09:37:21+00:00","breadcrumb":{"@id":"https:\/\/sciences-in-frankfurt.de\/en\/nachhilfe-biologie\/#breadcrumb"},"inLanguage":"en-US","potentialAction":[{"@type":"ReadAction","target":["https:\/\/sciences-in-frankfurt.de\/en\/nachhilfe-biologie\/"]}]},{"@type":"BreadcrumbList","@id":"https:\/\/sciences-in-frankfurt.de\/en\/nachhilfe-biologie\/#breadcrumb","itemListElement":[{"@type":"ListItem","position":1,"name":"Startseite","item":"https:\/\/sciences-in-frankfurt.de\/"},{"@type":"ListItem","position":2,"name":"Nachhilfe-Biologie"}]},{"@type":"WebSite","@id":"https:\/\/sciences-in-frankfurt.de\/#website","url":"https:\/\/sciences-in-frankfurt.de\/","name":"Sciences in Frankfurt","description":"Ihre Nachhilfe in Chemie, Biologie, Mathematik und Biochemie in Frankfurt am Main","publisher":{"@id":"https:\/\/sciences-in-frankfurt.de\/#organization"},"alternateName":"Nachhilfe f\u00fcr Stunden und Sch\u00fcler in Frankfurt am Main","potentialAction":[{"@type":"SearchAction","target":{"@type":"EntryPoint","urlTemplate":"https:\/\/sciences-in-frankfurt.de\/?s={search_term_string}"},"query-input":{"@type":"PropertyValueSpecification","valueRequired":true,"valueName":"search_term_string"}}],"inLanguage":"en-US"},{"@type":"Organization","@id":"https:\/\/sciences-in-frankfurt.de\/#organization","name":"Sciences in Frankfurt","alternateName":"Nachhilfe f\u00fcr Stundenten und Sch\u00fcler in Frankfurt","url":"https:\/\/sciences-in-frankfurt.de\/","logo":{"@type":"ImageObject","inLanguage":"en-US","@id":"https:\/\/sciences-in-frankfurt.de\/#\/schema\/logo\/image\/","url":"https:\/\/sciences-in-frankfurt.de\/wp-content\/uploads\/2023\/11\/skyline-4371513_640-Benutzerdefiniert.jpg","contentUrl":"https:\/\/sciences-in-frankfurt.de\/wp-content\/uploads\/2023\/11\/skyline-4371513_640-Benutzerdefiniert.jpg","width":640,"height":427,"caption":"Sciences in Frankfurt"},"image":{"@id":"https:\/\/sciences-in-frankfurt.de\/#\/schema\/logo\/image\/"}}]}},"_links":{"self":[{"href":"https:\/\/sciences-in-frankfurt.de\/en\/wp-json\/wp\/v2\/pages\/1052","targetHints":{"allow":["GET"]}}],"collection":[{"href":"https:\/\/sciences-in-frankfurt.de\/en\/wp-json\/wp\/v2\/pages"}],"about":[{"href":"https:\/\/sciences-in-frankfurt.de\/en\/wp-json\/wp\/v2\/types\/page"}],"author":[{"embeddable":true,"href":"https:\/\/sciences-in-frankfurt.de\/en\/wp-json\/wp\/v2\/users\/1"}],"replies":[{"embeddable":true,"href":"https:\/\/sciences-in-frankfurt.de\/en\/wp-json\/wp\/v2\/comments?post=1052"}],"version-history":[{"count":16,"href":"https:\/\/sciences-in-frankfurt.de\/en\/wp-json\/wp\/v2\/pages\/1052\/revisions"}],"predecessor-version":[{"id":1068,"href":"https:\/\/sciences-in-frankfurt.de\/en\/wp-json\/wp\/v2\/pages\/1052\/revisions\/1068"}],"wp:attachment":[{"href":"https:\/\/sciences-in-frankfurt.de\/en\/wp-json\/wp\/v2\/media?parent=1052"}],"curies":[{"name":"wp","href":"https:\/\/api.w.org\/{rel}","templated":true}]}}